{"id":687,"date":"2023-10-30T14:30:28","date_gmt":"2023-10-30T14:30:28","guid":{"rendered":"https:\/\/lucha.org\/?page_id=687"},"modified":"2025-04-11T18:13:46","modified_gmt":"2025-04-11T18:13:46","slug":"asesoramiento-sobre-la-propiedad-de-la-vivienda-2","status":"publish","type":"page","link":"https:\/\/lucha.org\/es\/homeownership-housing-counseling\/","title":{"rendered":"Asesoramiento sobre propiedad y vivienda"},"content":{"rendered":"<div data-elementor-type=\"wp-page\" data-elementor-id=\"687\" class=\"elementor elementor-687\" data-elementor-post-type=\"page\">\n\t\t\t\t<div class=\"elementor-element elementor-element-5dbc5aa e-flex e-con-boxed e-con e-parent\" data-id=\"5dbc5aa\" data-element_type=\"container\" data-e-type=\"container\">\n\t\t\t\t\t<div class=\"e-con-inner\">\n\t\t\t\t<div class=\"elementor-element elementor-element-93c7e7d elementor-widget elementor-widget-heading\" data-id=\"93c7e7d\" data-element_type=\"widget\" data-e-type=\"widget\" data-widget_type=\"heading.default\">\n\t\t\t\t<div class=\"elementor-widget-container\">\n\t\t\t\t\t<h2 class=\"elementor-heading-title elementor-size-default\">Asesoramiento sobre propiedad y vivienda<\/h2>\t\t\t\t<\/div>\n\t\t\t\t<\/div>\n\t\t\t\t\t<\/div>\n\t\t\t\t<\/div>\n\t\t<div class=\"elementor-element elementor-element-a03d322 e-flex e-con-boxed e-con e-parent\" data-id=\"a03d322\" data-element_type=\"container\" data-e-type=\"container\">\n\t\t\t\t\t<div class=\"e-con-inner\">\n\t\t\t\t<div class=\"elementor-element elementor-element-c05312e elementor-widget elementor-widget-text-editor\" data-id=\"c05312e\" data-element_type=\"widget\" data-e-type=\"widget\" data-widget_type=\"text-editor.default\">\n\t\t\t\t<div class=\"elementor-widget-container\">\n\t\t\t\t\t\t\t\t\t<p><span style=\"font-weight: 400;\">El personal biling\u00fce y bicultural de LUCHA facilita asesoramiento individual y talleres de grupo para guiar a los clientes a trav\u00e9s del proceso de compra de vivienda. Podemos ayudarle a gestionar su cr\u00e9dito y encontrar los pr\u00e9stamos y subvenciones que se ajusten a su presupuesto.<\/span><\/p><p><em><span style=\"font-weight: 400;\">El Programa de Oportunidades de Vivienda de LUCHA es un Centro de Ayuda al Prestatario certificado.<\/span><\/em><\/p><p><b>Capacidad financiera<\/b><span style=\"font-weight: 400;\">\u00a0<\/span><\/p><p><span style=\"font-weight: 400;\">Garantizar la estabilidad financiera es el primer paso hacia la movilidad econ\u00f3mica y la posible propiedad de una vivienda. A trav\u00e9s de iniciativas educativas continuas y asesoramiento personalizado (incluido el asesoramiento crediticio), LUCHA proporciona a los clientes los recursos y la orientaci\u00f3n necesarios para garantizar el pago de las facturas y la disponibilidad de fondos para planificar el futuro.\u00a0<\/span><\/p><p><span style=\"font-weight: 400;\">\u00a0Para avanzar en su estabilidad financiera, LUCHA:\u00a0<\/span><\/p><ul><li style=\"font-weight: 400;\" aria-level=\"1\"><span style=\"font-weight: 400;\">Promueve decisiones financieras informadas\u00a0<\/span><\/li><li style=\"font-weight: 400;\" aria-level=\"1\"><span style=\"font-weight: 400;\">Proporciona estrategias para la estabilidad financiera\u00a0<\/span><\/li><li style=\"font-weight: 400;\" aria-level=\"1\"><span style=\"font-weight: 400;\">Presenta enfoques innovadores para el pago de la deuda y el ahorro\u00a0<\/span><\/li><\/ul><p><b>Asesoramiento para compradores de vivienda\u00a0<\/b><\/p><p><span style=\"font-weight: 400;\">Los expertos Asesores de Vivienda de LUCHA le brindan la asistencia que necesita para adquirir su primera vivienda.\u00a0<\/span><\/p><p><span style=\"font-weight: 400;\">Mediante talleres educativos y asesoramiento individual, nuestros expertos asesores le ayudar\u00e1n a adquirir su primera vivienda. Nuestro personal le explica c\u00f3mo mantener un buen cr\u00e9dito, elegir la casa perfecta, seleccionar el pr\u00e9stamo adecuado para su presupuesto y solicitar miles de d\u00f3lares en ayuda para el pago inicial y los costes de cierre. Todos los servicios son totalmente biling\u00fces (ingl\u00e9s\/espa\u00f1ol) y biculturales.\u00a0<\/span><\/p><p><b>Taller para compradores de su primera vivienda<\/b><span style=\"font-weight: 400;\">\u00a0<\/span><\/p><p><span style=\"font-weight: 400;\">Como agencia de asesoramiento sobre vivienda aprobada por el HUD, LUCHA ofrece a los compradores de su primera vivienda talleres educativos, asesoramiento crediticio, apoyo hipotecario, acceso a ayuda para el pago inicial y otros servicios. A trav\u00e9s de estos servicios, las familias se preparan responsablemente para los rigores de la propiedad de la vivienda y las finanzas.\u00a0\u00a0\u00a0<\/span><\/p><p><span style=\"font-weight: 400;\">Inscr\u00edbase en un taller para compradores de su primera vivienda\u00a0<\/span><\/p>\t\t\t\t\t\t\t\t<\/div>\n\t\t\t\t<\/div>\n\t\t\t\t<div class=\"elementor-element elementor-element-5217867 elementor-widget elementor-widget-button\" data-id=\"5217867\" data-element_type=\"widget\" data-e-type=\"widget\" data-widget_type=\"button.default\">\n\t\t\t\t<div class=\"elementor-widget-container\">\n\t\t\t\t\t\t\t\t\t<div class=\"elementor-button-wrapper\">\n\t\t\t\t\t<a class=\"elementor-button elementor-button-link elementor-size-sm\" href=\"https:\/\/www.eventbrite.com\/o\/lucha-latin-united-community-housing-association-8536859619\" target=\"_blank\">\n\t\t\t\t\t\t<span class=\"elementor-button-content-wrapper\">\n\t\t\t\t\t\t\t\t\t<span class=\"elementor-button-text\">INSCR\u00cdBASE HOY MISMO<\/span>\n\t\t\t\t\t<\/span>\n\t\t\t\t\t<\/a>\n\t\t\t\t<\/div>\n\t\t\t\t\t\t\t\t<\/div>\n\t\t\t\t<\/div>\n\t\t\t\t<div class=\"elementor-element elementor-element-218ed41 elementor-widget elementor-widget-text-editor\" data-id=\"218ed41\" data-element_type=\"widget\" data-e-type=\"widget\" data-widget_type=\"text-editor.default\">\n\t\t\t\t<div class=\"elementor-widget-container\">\n\t\t\t\t\t\t\t\t\t<p><b>Prevenci\u00f3n de las ejecuciones hipotecarias<\/b><span style=\"font-weight: 400;\">\u00a0<\/span><\/p><p><span style=\"font-weight: 400;\">Perder su casa no tiene por qu\u00e9 ser una opci\u00f3n.\u00a0<\/span><\/p><p><span style=\"font-weight: 400;\">LUCHA trabaja con los hogares para mitigar los casos potenciales e inminentes de ejecuci\u00f3n hipotecaria. Navegar solo por el proceso de ejecuci\u00f3n hipotecaria puede ser estresante, confuso y llevar mucho tiempo. Nosotros le ayudamos:\u00a0<\/span><\/p><ul><li style=\"font-weight: 400;\" aria-level=\"1\"><span style=\"font-weight: 400;\">Revise su cr\u00e9dito y sus finanzas personales\u00a0<\/span><\/li><li style=\"font-weight: 400;\" aria-level=\"1\"><span style=\"font-weight: 400;\">Explorar opciones de mitigaci\u00f3n de p\u00e9rdidas\u00a0<\/span><\/li><li style=\"font-weight: 400;\" aria-level=\"1\"><span style=\"font-weight: 400;\">Identifique formas de reducir sus gastos mensuales\u00a0<\/span><\/li><li style=\"font-weight: 400;\" aria-level=\"1\"><span style=\"font-weight: 400;\">Solicitar una modificaci\u00f3n de pr\u00e9stamo\u00a0<\/span><\/li><li style=\"font-weight: 400;\" aria-level=\"1\"><span style=\"font-weight: 400;\">Elabore un paquete y una carta para enviar a su prestamista\u00a0<\/span><\/li><li style=\"font-weight: 400;\" aria-level=\"1\"><span style=\"font-weight: 400;\">Negocie con su prestamista\u00a0<\/span><\/li><\/ul><p><b>Servicios posteriores a la compra\u00a0<\/b><span style=\"font-weight: 400;\">\u00a0<\/span><\/p><p><span style=\"font-weight: 400;\">Desde el colapso del mercado inmobiliario en 2008, LUCHA ha liderado a las agencias locales en la mitigaci\u00f3n de la experiencia de la ejecuci\u00f3n hipotecaria para los habitantes de Chicago. A menudo, las familias viven en casas valoradas por debajo de lo que les queda de hipoteca. Hay otras que no pueden seguir pagando su hipoteca debido a circunstancias atenuantes.<\/span> <span style=\"font-weight: 400;\">El Programa de Oportunidades de Vivienda de LUCHA es un Centro de Ayuda al Prestatario certificado.<\/span> <span style=\"font-weight: 400;\">Como Centro de Ayuda al Prestatario de Freddie Mac, LUCHA act\u00faa como enlace entre bancos, prestamistas y personas en proceso de ejecuci\u00f3n hipotecaria para maximizar las oportunidades de conservar la propiedad de la vivienda.\u00a0<\/span><\/p><p><b>DISPONIBLE PARA DESCARGAR<\/b><\/p><ul><li><a href=\"https:\/\/lucha.org\/wp-content\/uploads\/2025\/04\/Certificate-REQUEST-Form-2025_Fillable.pdf\"><strong>Solicitud de certificado del taller LUCHA para compradores de vivienda<\/strong><\/a><\/li><li><span style=\"font-weight: 400;\"><strong><a href=\"https:\/\/drive.google.com\/file\/d\/1jG9VfoFB7NG0kQBfPHZLnjof2JfoeSUy\/view?usp=sharing\">Resumen del proceso de asesoramiento para compradores de vivienda de LUCHA<\/a><\/strong>\u00a0<\/span><\/li><\/ul><p><b>Para m\u00e1s informaci\u00f3n, p\u00f3ngase en contacto con LUCHA en el 773-276-5338 o en intake@lucha.org.<span style=\"font-weight: 400;\">\u00a0<\/span><\/b><\/p>\t\t\t\t\t\t\t\t<\/div>\n\t\t\t\t<\/div>\n\t\t\t\t\t<\/div>\n\t\t\t\t<\/div>\n\t\t<div class=\"elementor-element elementor-element-67cb19d e-flex e-con-boxed e-con e-parent\" data-id=\"67cb19d\" data-element_type=\"container\" data-e-type=\"container\">\n\t\t\t\t\t<div class=\"e-con-inner\">\n\t\t<div class=\"elementor-element elementor-element-ff81ebe e-con-full e-flex e-con e-child\" data-id=\"ff81ebe\" data-element_type=\"container\" data-e-type=\"container\">\n\t\t\t\t<div class=\"elementor-element elementor-element-508b1ff elementor-widget__width-initial elementor-widget elementor-widget-image\" data-id=\"508b1ff\" data-element_type=\"widget\" data-e-type=\"widget\" data-widget_type=\"image.default\">\n\t\t\t\t<div class=\"elementor-widget-container\">\n\t\t\t\t\t\t\t\t\t\t\t\t\t\t\t<img decoding=\"async\" src=\"https:\/\/i0.wp.com\/lucha.org\/wp-content\/uploads\/2023\/10\/Homeownership-Housing-Counseling-1-e1739395385495.jpg?fit=912%2C480&#038;ssl=1\" title=\"Asesoramiento sobre la propiedad de la vivienda-1\" alt=\"Asesoramiento sobre la propiedad de la vivienda-1\" loading=\"lazy\" \/>\t\t\t\t\t\t\t\t\t\t\t\t\t\t\t<\/div>\n\t\t\t\t<\/div>\n\t\t\t\t<\/div>\n\t\t\t\t\t<\/div>\n\t\t\t\t<\/div>\n\t\t\t\t<\/div>","protected":false},"excerpt":{"rendered":"<p>Homeownership &#038; Housing Counseling LUCHA\u2019s bilingual, bicultural staff facilitates individual counseling and group workshops to guide clients through the homebuying process. We can help you manage your credit and find the loans and grants that fit your budget. LUCHA\u2019s Housing Opportunities Program is a certified Borrower Help Center. Financial Capability\u00a0 Securing financial stability is the [&hellip;]<\/p>\n","protected":false},"author":1,"featured_media":0,"parent":0,"menu_order":0,"comment_status":"closed","ping_status":"closed","template":"","meta":{"nf_dc_page":"","footnotes":""},"class_list":["post-687","page","type-page","status-publish","hentry"],"jetpack_sharing_enabled":true,"_links":{"self":[{"href":"https:\/\/lucha.org\/es\/wp-json\/wp\/v2\/pages\/687","targetHints":{"allow":["GET"]}}],"collection":[{"href":"https:\/\/lucha.org\/es\/wp-json\/wp\/v2\/pages"}],"about":[{"href":"https:\/\/lucha.org\/es\/wp-json\/wp\/v2\/types\/page"}],"author":[{"embeddable":true,"href":"https:\/\/lucha.org\/es\/wp-json\/wp\/v2\/users\/1"}],"replies":[{"embeddable":true,"href":"https:\/\/lucha.org\/es\/wp-json\/wp\/v2\/comments?post=687"}],"version-history":[{"count":5,"href":"https:\/\/lucha.org\/es\/wp-json\/wp\/v2\/pages\/687\/revisions"}],"predecessor-version":[{"id":1678,"href":"https:\/\/lucha.org\/es\/wp-json\/wp\/v2\/pages\/687\/revisions\/1678"}],"wp:attachment":[{"href":"https:\/\/lucha.org\/es\/wp-json\/wp\/v2\/media?parent=687"}],"curies":[{"name":"wp","href":"https:\/\/api.w.org\/{rel}","templated":true}]}}