{"id":421,"date":"2023-10-22T20:41:26","date_gmt":"2023-10-22T20:41:26","guid":{"rendered":"https:\/\/lucha.org\/?page_id=421"},"modified":"2025-03-11T15:52:20","modified_gmt":"2025-03-11T15:52:20","slug":"tierra-linda","status":"publish","type":"page","link":"https:\/\/lucha.org\/es\/tierra-linda\/","title":{"rendered":"TIERRA LINDA"},"content":{"rendered":"<div data-elementor-type=\"wp-page\" data-elementor-id=\"421\" class=\"elementor elementor-421\" data-elementor-post-type=\"page\">\n\t\t\t\t<div class=\"elementor-element elementor-element-6dc3eb7 e-flex e-con-boxed e-con e-parent\" data-id=\"6dc3eb7\" data-element_type=\"container\" data-e-type=\"container\">\n\t\t\t\t\t<div class=\"e-con-inner\">\n\t\t\t\t<div class=\"elementor-element elementor-element-ce9832f elementor-widget elementor-widget-image\" data-id=\"ce9832f\" data-element_type=\"widget\" data-e-type=\"widget\" data-widget_type=\"image.default\">\n\t\t\t\t<div class=\"elementor-widget-container\">\n\t\t\t\t\t\t\t\t\t\t\t\t\t\t\t<img fetchpriority=\"high\" decoding=\"async\" width=\"640\" height=\"568\" src=\"https:\/\/i0.wp.com\/lucha.org\/wp-content\/uploads\/2023\/10\/ootf6gy1xsb9niwwzs75.webp?fit=640%2C568&amp;ssl=1\" class=\"attachment-large size-large wp-image-567\" alt=\"\" srcset=\"https:\/\/i0.wp.com\/lucha.org\/wp-content\/uploads\/2023\/10\/ootf6gy1xsb9niwwzs75.webp?w=1619&amp;ssl=1 1619w, https:\/\/i0.wp.com\/lucha.org\/wp-content\/uploads\/2023\/10\/ootf6gy1xsb9niwwzs75.webp?resize=300%2C266&amp;ssl=1 300w, https:\/\/i0.wp.com\/lucha.org\/wp-content\/uploads\/2023\/10\/ootf6gy1xsb9niwwzs75.webp?resize=1024%2C908&amp;ssl=1 1024w, https:\/\/i0.wp.com\/lucha.org\/wp-content\/uploads\/2023\/10\/ootf6gy1xsb9niwwzs75.webp?resize=768%2C681&amp;ssl=1 768w, https:\/\/i0.wp.com\/lucha.org\/wp-content\/uploads\/2023\/10\/ootf6gy1xsb9niwwzs75.webp?resize=1536%2C1362&amp;ssl=1 1536w, https:\/\/i0.wp.com\/lucha.org\/wp-content\/uploads\/2023\/10\/ootf6gy1xsb9niwwzs75.webp?w=1280&amp;ssl=1 1280w\" sizes=\"(max-width: 640px) 100vw, 640px\" \/>\t\t\t\t\t\t\t\t\t\t\t\t\t\t\t<\/div>\n\t\t\t\t<\/div>\n\t\t\t\t<div class=\"elementor-element elementor-element-e5edd13 elementor-widget elementor-widget-heading\" data-id=\"e5edd13\" data-element_type=\"widget\" data-e-type=\"widget\" data-widget_type=\"heading.default\">\n\t\t\t\t<div class=\"elementor-widget-container\">\n\t\t\t\t\t<h1 class=\"elementor-heading-title elementor-size-default\">Tierra Linda\n<\/h1>\t\t\t\t<\/div>\n\t\t\t\t<\/div>\n\t\t\t\t<div class=\"elementor-element elementor-element-34cdf7d elementor-widget elementor-widget-text-editor\" data-id=\"34cdf7d\" data-element_type=\"widget\" data-e-type=\"widget\" data-widget_type=\"text-editor.default\">\n\t\t\t\t<div class=\"elementor-widget-container\">\n\t\t\t\t\t\t\t\t\t<ul>\n<li style=\"font-weight: 400;\" aria-level=\"1\"><span style=\"font-weight: 400;\">Unidades: 1, 2 y 3 dormitorios<\/span><\/li>\n<li style=\"font-weight: 400;\" aria-level=\"1\"><span style=\"font-weight: 400;\">Caracter\u00edsticas: Pisos de madera, estufa y refrigerador, aire acondicionado, estacionamiento, en la unidad de lavander\u00eda gancho-up, unidades accesibles<\/span><\/li>\n<li style=\"font-weight: 400;\" aria-level=\"1\"><span style=\"font-weight: 400;\">12 edificios situados principalmente en los barrios de Humboldt Park y Logan Square<\/span><\/li>\n<\/ul>\n<p><span style=\"font-weight: 400;\">Tierra Linda es la primera promoci\u00f3n de LUCHA orientada a la sostenibilidad, que tiende un puente entre la vivienda asequible y la tecnolog\u00eda ecol\u00f3gica para los residentes de bajos ingresos de la ciudad de Chicago. Situada a lo largo de la ruta 606, Tierra Linda representa el compromiso de LUCHA con la transformaci\u00f3n de las comunidades a trav\u00e9s del desarrollo comunitario y el aumento del acceso al barrio de personas que, de otro modo, podr\u00edan verse desplazadas del mercado de la vivienda de Chicago, cada vez m\u00e1s exclusivo. Adem\u00e1s, es un paso hacia un campo equitativo de vivienda asequible que aborda el desarrollo a trav\u00e9s de la lente de la sostenibilidad medioambiental.<\/span><\/p>\n<p><span style=\"font-weight: 400;\">Uno de los edificios de seis pisos de Tierra Linda es la primera casa pasiva multifamiliar asequible de la ciudad de Chicago. La Casa Pasiva avanza el compromiso de LUCHA con la vivienda verde y sostenible por las siguientes mejoras que conducen a una mayor eficiencia de calefacci\u00f3n y refrigeraci\u00f3n y por lo tanto la disminuci\u00f3n de los costos de energ\u00eda para los inquilinos:<\/span><\/p>\n<ul>\n<li style=\"font-weight: 400;\" aria-level=\"1\"><span style=\"font-weight: 400;\">Aislamiento continuo en todo el edificio sin puentes t\u00e9rmicos<\/span><\/li>\n<li style=\"font-weight: 400;\" aria-level=\"1\"><span style=\"font-weight: 400;\">Utilizar una ventilaci\u00f3n equilibrada que recupere el calor y la humedad<\/span><\/li>\n<li style=\"font-weight: 400;\" aria-level=\"1\"><span style=\"font-weight: 400;\">Aprovechar\/minimizar la ganancia solar<\/span><\/li>\n<\/ul>\n<p><span style=\"font-weight: 400;\">LUCHA considera que la Casa Pasiva -y Tierra Linda en su conjunto- es un testimonio de que todo el mundo merece tener acceso a una vivienda de alta calidad y a un espacio saludable para vivir.<\/span><\/p>\n<p><span style=\"text-decoration: underline;\"><strong>Salud y bienestar<\/strong><\/span><\/p>\n<p><span style=\"font-weight: 400;\">LUCHA ha dise\u00f1ado una red de programaci\u00f3n en torno a los valores fundamentales de Tierra Linda que promueve la salud individual y familiar a trav\u00e9s de un marco de bienestar. La programaci\u00f3n de Tierra Linda se desarroll\u00f3 en asociaci\u00f3n con agencias como Enterprise Community Partners y el Instituto de Salud P\u00fablica de Illinois, que colaboraron con LUCHA para crear un Plan de Acci\u00f3n de Salud Comunitaria integral para mejorar los resultados de salud de los residentes en las \u00e1reas de servicio de LUCHA. Con un \u00e9nfasis en la salud y el bienestar de los residentes en nuestra programaci\u00f3n principal, estamos en camino de fomentar una cultura m\u00e1s saludable y consciente en nuestra comunidad.<\/span><\/p>\t\t\t\t\t\t\t\t<\/div>\n\t\t\t\t<\/div>\n\t\t\t\t\t<\/div>\n\t\t\t\t<\/div>\n\t\t\t\t<\/div>","protected":false},"excerpt":{"rendered":"<p>Tierra Linda Units: 1-, 2-, and 3-bedroom Features: Hardwood flooring, stove and refrigerator, air conditioning, parking, in-unit laundry hook-up, accessible units 12 buildings primarily located throughout Humboldt Park and Logan Square neighborhoods Tierra Linda is LUCHA\u2019s first sustainability-oriented development, bridging affordable housing with green technology for low-income residents of the City of Chicago. Located along [&hellip;]<\/p>\n","protected":false},"author":1,"featured_media":0,"parent":0,"menu_order":0,"comment_status":"closed","ping_status":"closed","template":"","meta":{"nf_dc_page":"","footnotes":""},"class_list":["post-421","page","type-page","status-publish","hentry"],"jetpack_sharing_enabled":true,"_links":{"self":[{"href":"https:\/\/lucha.org\/es\/wp-json\/wp\/v2\/pages\/421","targetHints":{"allow":["GET"]}}],"collection":[{"href":"https:\/\/lucha.org\/es\/wp-json\/wp\/v2\/pages"}],"about":[{"href":"https:\/\/lucha.org\/es\/wp-json\/wp\/v2\/types\/page"}],"author":[{"embeddable":true,"href":"https:\/\/lucha.org\/es\/wp-json\/wp\/v2\/users\/1"}],"replies":[{"embeddable":true,"href":"https:\/\/lucha.org\/es\/wp-json\/wp\/v2\/comments?post=421"}],"version-history":[{"count":5,"href":"https:\/\/lucha.org\/es\/wp-json\/wp\/v2\/pages\/421\/revisions"}],"predecessor-version":[{"id":1562,"href":"https:\/\/lucha.org\/es\/wp-json\/wp\/v2\/pages\/421\/revisions\/1562"}],"wp:attachment":[{"href":"https:\/\/lucha.org\/es\/wp-json\/wp\/v2\/media?parent=421"}],"curies":[{"name":"wp","href":"https:\/\/api.w.org\/{rel}","templated":true}]}}