{"id":381,"date":"2023-10-22T20:26:27","date_gmt":"2023-10-22T20:26:27","guid":{"rendered":"https:\/\/lucha.org\/?page_id=381"},"modified":"2025-03-11T15:48:42","modified_gmt":"2025-03-11T15:48:42","slug":"borinquen-bella","status":"publish","type":"page","link":"https:\/\/lucha.org\/es\/borinquen-bella\/","title":{"rendered":"BORINQUEN BELLA"},"content":{"rendered":"<div data-elementor-type=\"wp-page\" data-elementor-id=\"381\" class=\"elementor elementor-381\" data-elementor-post-type=\"page\">\n\t\t\t\t<div class=\"elementor-element elementor-element-6bda93a e-flex e-con-boxed e-con e-parent\" data-id=\"6bda93a\" data-element_type=\"container\" data-e-type=\"container\">\n\t\t\t\t\t<div class=\"e-con-inner\">\n\t\t\t\t<div class=\"elementor-element elementor-element-b43c219 elementor-widget elementor-widget-image\" data-id=\"b43c219\" data-element_type=\"widget\" data-e-type=\"widget\" data-widget_type=\"image.default\">\n\t\t\t\t<div class=\"elementor-widget-container\">\n\t\t\t\t\t\t\t\t\t\t\t\t\t\t\t<img fetchpriority=\"high\" decoding=\"async\" width=\"640\" height=\"425\" src=\"https:\/\/i0.wp.com\/lucha.org\/wp-content\/uploads\/2023\/10\/borinquen.jpg?fit=640%2C425&amp;ssl=1\" class=\"attachment-large size-large wp-image-519\" alt=\"\" srcset=\"https:\/\/i0.wp.com\/lucha.org\/wp-content\/uploads\/2023\/10\/borinquen.jpg?w=722&amp;ssl=1 722w, https:\/\/i0.wp.com\/lucha.org\/wp-content\/uploads\/2023\/10\/borinquen.jpg?resize=300%2C199&amp;ssl=1 300w\" sizes=\"(max-width: 640px) 100vw, 640px\" \/>\t\t\t\t\t\t\t\t\t\t\t\t\t\t\t<\/div>\n\t\t\t\t<\/div>\n\t\t\t\t\t<\/div>\n\t\t\t\t<\/div>\n\t\t<div class=\"elementor-element elementor-element-7a3a655 e-flex e-con-boxed e-con e-parent\" data-id=\"7a3a655\" data-element_type=\"container\" data-e-type=\"container\">\n\t\t\t\t\t<div class=\"e-con-inner\">\n\t\t\t\t<div class=\"elementor-element elementor-element-635b95e elementor-widget elementor-widget-heading\" data-id=\"635b95e\" data-element_type=\"widget\" data-e-type=\"widget\" data-widget_type=\"heading.default\">\n\t\t\t\t<div class=\"elementor-widget-container\">\n\t\t\t\t\t<h1 class=\"elementor-heading-title elementor-size-default\">Borinquen Bella\n<\/h1>\t\t\t\t<\/div>\n\t\t\t\t<\/div>\n\t\t\t\t<div class=\"elementor-element elementor-element-94ec04b elementor-widget elementor-widget-text-editor\" data-id=\"94ec04b\" data-element_type=\"widget\" data-e-type=\"widget\" data-widget_type=\"text-editor.default\">\n\t\t\t\t<div class=\"elementor-widget-container\">\n\t\t\t\t\t\t\t\t\t<ul>\n<li style=\"font-weight: 400;\" aria-level=\"1\"><span style=\"font-weight: 400;\">Unidades: 1, 2 y 3 dormitorios<\/span><\/li>\n<li style=\"font-weight: 400;\" aria-level=\"1\"><span style=\"font-weight: 400;\">Caracter\u00edsticas: Pisos de madera y alfombras, estufa y refrigerador, aire acondicionado, en la unidad de lavander\u00eda gancho-up.<\/span><\/li><li style=\"font-weight: 400;\" aria-level=\"1\"><span style=\"font-weight: 400;\">4 edificios situados en el barrio de West Town<\/span><\/li>\n<\/ul>\n<p><span style=\"font-weight: 400;\">Significa \"Hermoso Puerto Rico\", nuestro desarrollo de 47 unidades Borinquen Bella cuenta con dos de los murales m\u00e1s emblem\u00e1ticos de Chicago de la herencia puertorrique\u00f1a. Borinquen Bella cuenta con unidades de 1, 2 y 3 dormitorios a trav\u00e9s de sitios dispersos en West Town. LUCHA fue propietaria de estas propiedades durante m\u00e1s de una d\u00e9cada despu\u00e9s de cerrar los planes de renovaci\u00f3n en 2010 y completar la renovaci\u00f3n en 2013.<\/span><\/p>\n<p><span style=\"font-weight: 400;\">Borinquen Bella consiste en la rehabilitaci\u00f3n de 4 s\u00f3lidos edificios de m\u00e1s de 80 a\u00f1os de antig\u00fcedad para familias con un 50% del AMI.  Los edificios est\u00e1n situados en un \u00e1rea de cuatro manzanas cuadradas. El desarrollo $10,2 millones ha asegurado la presencia de familias de bajos ingresos en un barrio estable, \u00e9tnica y econ\u00f3micamente diversa que ha experimentado una reinversi\u00f3n significativa en las \u00faltimas dos d\u00e9cadas.<\/span><\/p>\t\t\t\t\t\t\t\t<\/div>\n\t\t\t\t<\/div>\n\t\t\t\t\t<\/div>\n\t\t\t\t<\/div>\n\t\t\t\t<\/div>","protected":false},"excerpt":{"rendered":"<p>Borinquen Bella Units: 1-, 2-, and 3-bedroom Features: Wood flooring and carpeting, stove and refrigerator, air conditioning, in-unit laundry hook-up. 4 buildings located in West Town neighborhood Meaning \u201cBeautiful Puerto Rico,\u201d our 47-unit Borinquen Bella development boasts two of Chicago\u2019s most iconic murals of Puerto Rican Heritage. Borinquen Bella features 1-, 2-, and 3-bedroom units [&hellip;]<\/p>\n","protected":false},"author":1,"featured_media":0,"parent":0,"menu_order":0,"comment_status":"closed","ping_status":"closed","template":"","meta":{"nf_dc_page":"","footnotes":""},"class_list":["post-381","page","type-page","status-publish","hentry"],"jetpack_sharing_enabled":true,"_links":{"self":[{"href":"https:\/\/lucha.org\/es\/wp-json\/wp\/v2\/pages\/381","targetHints":{"allow":["GET"]}}],"collection":[{"href":"https:\/\/lucha.org\/es\/wp-json\/wp\/v2\/pages"}],"about":[{"href":"https:\/\/lucha.org\/es\/wp-json\/wp\/v2\/types\/page"}],"author":[{"embeddable":true,"href":"https:\/\/lucha.org\/es\/wp-json\/wp\/v2\/users\/1"}],"replies":[{"embeddable":true,"href":"https:\/\/lucha.org\/es\/wp-json\/wp\/v2\/comments?post=381"}],"version-history":[{"count":5,"href":"https:\/\/lucha.org\/es\/wp-json\/wp\/v2\/pages\/381\/revisions"}],"predecessor-version":[{"id":1556,"href":"https:\/\/lucha.org\/es\/wp-json\/wp\/v2\/pages\/381\/revisions\/1556"}],"wp:attachment":[{"href":"https:\/\/lucha.org\/es\/wp-json\/wp\/v2\/media?parent=381"}],"curies":[{"name":"wp","href":"https:\/\/api.w.org\/{rel}","templated":true}]}}