{"id":379,"date":"2023-10-22T20:25:40","date_gmt":"2023-10-22T20:25:40","guid":{"rendered":"https:\/\/lucha.org\/?page_id=379"},"modified":"2025-03-11T15:39:02","modified_gmt":"2025-03-11T15:39:02","slug":"hpr","status":"publish","type":"page","link":"https:\/\/lucha.org\/es\/hpr\/","title":{"rendered":"HPR"},"content":{"rendered":"<div data-elementor-type=\"wp-page\" data-elementor-id=\"379\" class=\"elementor elementor-379\" data-elementor-post-type=\"page\">\n\t\t\t\t<div class=\"elementor-element elementor-element-fbabaef e-flex e-con-boxed e-con e-parent\" data-id=\"fbabaef\" data-element_type=\"container\" data-e-type=\"container\">\n\t\t\t\t\t<div class=\"e-con-inner\">\n\t\t\t\t<div class=\"elementor-element elementor-element-5450ec0 elementor-widget elementor-widget-image\" data-id=\"5450ec0\" data-element_type=\"widget\" data-e-type=\"widget\" data-widget_type=\"image.default\">\n\t\t\t\t<div class=\"elementor-widget-container\">\n\t\t\t\t\t\t\t\t\t\t\t\t\t\t\t<img fetchpriority=\"high\" decoding=\"async\" width=\"640\" height=\"401\" src=\"https:\/\/i0.wp.com\/lucha.org\/wp-content\/uploads\/2023\/10\/HPR-1.jpg?fit=640%2C401&amp;ssl=1\" class=\"attachment-large size-large wp-image-554\" alt=\"\" srcset=\"https:\/\/i0.wp.com\/lucha.org\/wp-content\/uploads\/2023\/10\/HPR-1.jpg?w=1400&amp;ssl=1 1400w, https:\/\/i0.wp.com\/lucha.org\/wp-content\/uploads\/2023\/10\/HPR-1.jpg?resize=300%2C188&amp;ssl=1 300w, https:\/\/i0.wp.com\/lucha.org\/wp-content\/uploads\/2023\/10\/HPR-1.jpg?resize=1024%2C641&amp;ssl=1 1024w, https:\/\/i0.wp.com\/lucha.org\/wp-content\/uploads\/2023\/10\/HPR-1.jpg?resize=768%2C481&amp;ssl=1 768w, https:\/\/i0.wp.com\/lucha.org\/wp-content\/uploads\/2023\/10\/HPR-1.jpg?w=1280&amp;ssl=1 1280w\" sizes=\"(max-width: 640px) 100vw, 640px\" \/>\t\t\t\t\t\t\t\t\t\t\t\t\t\t\t<\/div>\n\t\t\t\t<\/div>\n\t\t\t\t<div class=\"elementor-element elementor-element-afc1c6e elementor-widget elementor-widget-heading\" data-id=\"afc1c6e\" data-element_type=\"widget\" data-e-type=\"widget\" data-widget_type=\"heading.default\">\n\t\t\t\t<div class=\"elementor-widget-container\">\n\t\t\t\t\t<h1 class=\"elementor-heading-title elementor-size-default\">Residencia de Humboldt Park\n<\/h1>\t\t\t\t<\/div>\n\t\t\t\t<\/div>\n\t\t\t\t<div class=\"elementor-element elementor-element-4634ec0 elementor-widget elementor-widget-text-editor\" data-id=\"4634ec0\" data-element_type=\"widget\" data-e-type=\"widget\" data-widget_type=\"text-editor.default\">\n\t\t\t\t<div class=\"elementor-widget-container\">\n\t\t\t\t\t\t\t\t\t<ul>\n<li style=\"font-weight: 400;\" aria-level=\"1\"><span style=\"font-weight: 400;\">Unidades: Estudio<\/span><\/li>\n<li style=\"font-weight: 400;\" aria-level=\"1\"><span style=\"font-weight: 400;\">Caracter\u00edsticas: Estufa y refrigerador, ascensor, lavander\u00eda en el edificio, estacionamiento, unidades accesibles<\/span><\/li>\n<li style=\"font-weight: 400;\" aria-level=\"1\"><span style=\"font-weight: 400;\">Situado en North Christiana Avenue y West Division Street<\/span><\/li>\n<\/ul>\n<p><span style=\"font-weight: 400;\">Humboldt Park Residence (HPR) es un edificio de estudios. HPR cuenta con servicios para residentes y las habitaciones est\u00e1n completamente amuebladas. LUCHA cerr\u00f3 la construcci\u00f3n de HPR en septiembre de 1994 y poco despu\u00e9s comenz\u00f3 la construcci\u00f3n con la presencia del alcalde Richard M. Daley. Construido a lo largo de 1994 y 1995, el edificio atiende a una poblaci\u00f3n vital de personas sin hogar o con bajos ingresos.<\/span><\/p>\n<p><span style=\"font-weight: 400;\">Con la p\u00e9rdida de muchas unidades de SRO en toda la ciudad y la invasi\u00f3n de la gentrificaci\u00f3n desde el este, HPR sirve una necesidad cr\u00edtica en Humboldt Park. HPR ha sido rehabilitado recientemente y su construcci\u00f3n finalizar\u00e1 en la primavera de 2022.<\/span><\/p>\t\t\t\t\t\t\t\t<\/div>\n\t\t\t\t<\/div>\n\t\t\t\t\t<\/div>\n\t\t\t\t<\/div>\n\t\t\t\t<\/div>","protected":false},"excerpt":{"rendered":"<p>Humboldt Park Residence\u200b Units: Studio Features: Stove and refrigerator, elevator, laundry in building, parking, accessible units Located at North Christiana Avenue and West Division Street Humboldt Park Residence (HPR) is a studio unit building. HPR features resident services, and rooms are fully furnished. LUCHA closed on HPR in September 1994 and soon after broke ground [&hellip;]<\/p>\n","protected":false},"author":1,"featured_media":0,"parent":0,"menu_order":0,"comment_status":"closed","ping_status":"closed","template":"","meta":{"nf_dc_page":"","footnotes":""},"class_list":["post-379","page","type-page","status-publish","hentry"],"jetpack_sharing_enabled":true,"_links":{"self":[{"href":"https:\/\/lucha.org\/es\/wp-json\/wp\/v2\/pages\/379","targetHints":{"allow":["GET"]}}],"collection":[{"href":"https:\/\/lucha.org\/es\/wp-json\/wp\/v2\/pages"}],"about":[{"href":"https:\/\/lucha.org\/es\/wp-json\/wp\/v2\/types\/page"}],"author":[{"embeddable":true,"href":"https:\/\/lucha.org\/es\/wp-json\/wp\/v2\/users\/1"}],"replies":[{"embeddable":true,"href":"https:\/\/lucha.org\/es\/wp-json\/wp\/v2\/comments?post=379"}],"version-history":[{"count":5,"href":"https:\/\/lucha.org\/es\/wp-json\/wp\/v2\/pages\/379\/revisions"}],"predecessor-version":[{"id":1545,"href":"https:\/\/lucha.org\/es\/wp-json\/wp\/v2\/pages\/379\/revisions\/1545"}],"wp:attachment":[{"href":"https:\/\/lucha.org\/es\/wp-json\/wp\/v2\/media?parent=379"}],"curies":[{"name":"wp","href":"https:\/\/api.w.org\/{rel}","templated":true}]}}