{"id":372,"date":"2023-10-22T20:22:15","date_gmt":"2023-10-22T20:22:15","guid":{"rendered":"https:\/\/lucha.org\/?page_id=372"},"modified":"2025-09-23T18:13:29","modified_gmt":"2025-09-23T18:13:29","slug":"oportunidades-profesionales","status":"publish","type":"page","link":"https:\/\/lucha.org\/es\/careers-oportunities\/","title":{"rendered":"Oportunidades profesionales"},"content":{"rendered":"<div data-elementor-type=\"wp-page\" data-elementor-id=\"372\" class=\"elementor elementor-372\" data-elementor-post-type=\"page\">\n\t\t\t\t<div class=\"elementor-element elementor-element-852718b e-flex e-con-boxed e-con e-parent\" data-id=\"852718b\" data-element_type=\"container\" data-e-type=\"container\">\n\t\t\t\t\t<div class=\"e-con-inner\">\n\t\t\t\t<div class=\"elementor-element elementor-element-f2f0c22 elementor-widget elementor-widget-heading\" data-id=\"f2f0c22\" data-element_type=\"widget\" data-e-type=\"widget\" data-widget_type=\"heading.default\">\n\t\t\t\t<div class=\"elementor-widget-container\">\n\t\t\t\t\t<h2 class=\"elementor-heading-title elementor-size-default\">Carreras profesionales<\/h2>\t\t\t\t<\/div>\n\t\t\t\t<\/div>\n\t\t\t\t\t<\/div>\n\t\t\t\t<\/div>\n\t\t<div class=\"elementor-element elementor-element-0021516 e-flex e-con-boxed e-con e-parent\" data-id=\"0021516\" data-element_type=\"container\" data-e-type=\"container\">\n\t\t\t\t\t<div class=\"e-con-inner\">\n\t\t\t\t<div class=\"elementor-element elementor-element-15b652a elementor-widget elementor-widget-text-editor\" data-id=\"15b652a\" data-element_type=\"widget\" data-e-type=\"widget\" data-widget_type=\"text-editor.default\">\n\t\t\t\t<div class=\"elementor-widget-container\">\n\t\t\t\t\t\t\t\t\t<p>En colaboraci\u00f3n con Association House, LUCHA promueve la vivienda como un derecho humano mediante el empoderamiento de las comunidades, en particular de las poblaciones latina e hispanohablante, a trav\u00e9s de la promoci\u00f3n, el desarrollo de viviendas asequibles y la construcci\u00f3n de comunidades. Si te apasionan la equidad y el impacto social, explora nuestras oportunidades profesionales y ayuda a marcar la diferencia hoy mismo.<\/p>\t\t\t\t\t\t\t\t<\/div>\n\t\t\t\t<\/div>\n\t\t<div class=\"elementor-element elementor-element-6011bbc e-con-full e-flex e-con e-child\" data-id=\"6011bbc\" data-element_type=\"container\" data-e-type=\"container\" data-settings=\"{&quot;background_background&quot;:&quot;classic&quot;}\">\n\t\t\t\t<div class=\"elementor-element elementor-element-89a6a77 elementor-widget elementor-widget-heading\" data-id=\"89a6a77\" data-element_type=\"widget\" data-e-type=\"widget\" data-widget_type=\"heading.default\">\n\t\t\t\t<div class=\"elementor-widget-container\">\n\t\t\t\t\t<h1 class=\"elementor-heading-title elementor-size-default\">Acerca de la Organizaci\u00f3n<\/h1>\t\t\t\t<\/div>\n\t\t\t\t<\/div>\n\t\t\t\t<div class=\"elementor-element elementor-element-51ea950 elementor-widget elementor-widget-text-editor\" data-id=\"51ea950\" data-element_type=\"widget\" data-e-type=\"widget\" data-widget_type=\"text-editor.default\">\n\t\t\t\t<div class=\"elementor-widget-container\">\n\t\t\t\t\t\t\t\t\t<div data-olk-copy-source=\"MessageBody\">Arraigada en nuestra misi\u00f3n de promover la vivienda como un derecho humano, LUCHA (Latin United Community Housing Association) ha desarrollado casi 300 unidades de viviendas de alquiler asequible en los barrios de West Town, Humboldt Park y Logan Square de Chicago desde su fundaci\u00f3n en 1982. A trav\u00e9s de la defensa de los derechos, el asesoramiento en materia de vivienda y el Proyecto de Ley LUCHA, LUCHA tambi\u00e9n est\u00e1 al lado de nuestra comunidad garantizando v\u00edas de acceso a la propiedad y la protecci\u00f3n de los inquilinos.\u00a0<\/div><div data-olk-copy-source=\"MessageBody\">\u00a0<\/div><div>El curr\u00edculum de LUCHA incluye la primera vivienda multifamiliar asequible Passive House de Chicago, un edificio estudio recientemente renovado y muy asequible en Humboldt Park, y Encuentro Square Phase I, un acuerdo de nueva construcci\u00f3n LIHTC 4%\/9% al final de la ruta 606 en Logan Square. Nuestra cartera actual incluye Encuentro Square Fase II, una reutilizaci\u00f3n adaptativa de una iglesia en Humboldt Park, y la recapitalizaci\u00f3n de 36 unidades dispersas en Humboldt Park y West Town.<\/div><div>\u00a0<\/div><div>LUCHA cree:<\/div><ul><li><div role=\"presentation\">La vivienda es un derecho humano.\u00a0<\/div><\/li><li><div role=\"presentation\">Merece la pena luchar por una vivienda justa y asequible.\u00a0<\/div><\/li><li><div role=\"presentation\">La equidad en la vivienda crea riqueza en la comunidad.\u00a0<\/div><\/li><li><div role=\"presentation\">La diversidad enriquece y contribuye a la comunidad.\u00a0<\/div><\/li><li><div role=\"presentation\">Todas las personas merecen respeto y dignidad.\u00a0<\/div><\/li><li><div role=\"presentation\">Nos transformamos en nuestro servicio a los dem\u00e1s.\u00a0<\/div><\/li><\/ul>\t\t\t\t\t\t\t\t<\/div>\n\t\t\t\t<\/div>\n\t\t\t\t<\/div>\n\t\t<div class=\"elementor-element elementor-element-8e80820 e-con-full e-flex e-con e-child\" data-id=\"8e80820\" data-element_type=\"container\" data-e-type=\"container\">\n\t\t\t\t<div class=\"elementor-element elementor-element-92a4e8e elementor-widget elementor-widget-heading\" data-id=\"92a4e8e\" data-element_type=\"widget\" data-e-type=\"widget\" data-widget_type=\"heading.default\">\n\t\t\t\t<div class=\"elementor-widget-container\">\n\t\t\t\t\t<h1 class=\"elementor-heading-title elementor-size-default\">Puestos disponibles<\/h1>\t\t\t\t<\/div>\n\t\t\t\t<\/div>\n\t\t\t\t<\/div>\n\t\t\t\t\t<\/div>\n\t\t\t\t<\/div>\n\t\t<div class=\"elementor-element elementor-element-119d62c e-flex e-con-boxed e-con e-parent\" data-id=\"119d62c\" data-element_type=\"container\" data-e-type=\"container\">\n\t\t\t\t\t<div class=\"e-con-inner\">\n\t\t<div class=\"elementor-element elementor-element-4e5462f e-con-full e-flex e-con e-child\" data-id=\"4e5462f\" data-element_type=\"container\" data-e-type=\"container\">\n\t\t\t\t<div class=\"elementor-element elementor-element-7155b87 elementor-widget__width-initial elementor-widget elementor-widget-text-editor\" data-id=\"7155b87\" data-element_type=\"widget\" data-e-type=\"widget\" data-widget_type=\"text-editor.default\">\n\t\t\t\t<div class=\"elementor-widget-container\">\n\t\t\t\t\t\t\t\t\t<p>Gracias por su inter\u00e9s en unirse a nuestro equipo. En estos momentos no tenemos ning\u00fan puesto vacante, pero le animamos a que nos visite con regularidad para informarse de futuras oportunidades.<\/p>\t\t\t\t\t\t\t\t<\/div>\n\t\t\t\t<\/div>\n\t\t\t\t<\/div>\n\t\t\t\t\t<\/div>\n\t\t\t\t<\/div>\n\t\t\t\t<\/div>","protected":false},"excerpt":{"rendered":"<p>Careers In partnership with Association House, LUCHA advances housing as a human right by empowering communities \u2013 particularly the Latino and Spanish-speaking populations \u2013 through advocacy, affordable housing development, and community building. If you&#8217;re passionate about equity and social impact, explore our career opportunities and help make a difference today. About the Organization Rooted in [&hellip;]<\/p>\n","protected":false},"author":1,"featured_media":0,"parent":0,"menu_order":0,"comment_status":"closed","ping_status":"closed","template":"","meta":{"nf_dc_page":"","footnotes":""},"class_list":["post-372","page","type-page","status-publish","hentry"],"jetpack_sharing_enabled":true,"_links":{"self":[{"href":"https:\/\/lucha.org\/es\/wp-json\/wp\/v2\/pages\/372","targetHints":{"allow":["GET"]}}],"collection":[{"href":"https:\/\/lucha.org\/es\/wp-json\/wp\/v2\/pages"}],"about":[{"href":"https:\/\/lucha.org\/es\/wp-json\/wp\/v2\/types\/page"}],"author":[{"embeddable":true,"href":"https:\/\/lucha.org\/es\/wp-json\/wp\/v2\/users\/1"}],"replies":[{"embeddable":true,"href":"https:\/\/lucha.org\/es\/wp-json\/wp\/v2\/comments?post=372"}],"version-history":[{"count":5,"href":"https:\/\/lucha.org\/es\/wp-json\/wp\/v2\/pages\/372\/revisions"}],"predecessor-version":[{"id":1734,"href":"https:\/\/lucha.org\/es\/wp-json\/wp\/v2\/pages\/372\/revisions\/1734"}],"wp:attachment":[{"href":"https:\/\/lucha.org\/es\/wp-json\/wp\/v2\/media?parent=372"}],"curies":[{"name":"wp","href":"https:\/\/api.w.org\/{rel}","templated":true}]}}