{"id":370,"date":"2023-10-22T20:14:37","date_gmt":"2023-10-22T20:14:37","guid":{"rendered":"https:\/\/lucha.org\/?page_id=370"},"modified":"2025-03-28T15:30:40","modified_gmt":"2025-03-28T15:30:40","slug":"socios-2","status":"publish","type":"page","link":"https:\/\/lucha.org\/es\/partners\/","title":{"rendered":"Socios"},"content":{"rendered":"<div data-elementor-type=\"wp-page\" data-elementor-id=\"370\" class=\"elementor elementor-370\" data-elementor-post-type=\"page\">\n\t\t\t\t<div class=\"elementor-element elementor-element-d9e7f8c e-flex e-con-boxed e-con e-parent\" data-id=\"d9e7f8c\" data-element_type=\"container\" data-e-type=\"container\">\n\t\t\t\t\t<div class=\"e-con-inner\">\n\t\t\t\t<div class=\"elementor-element elementor-element-0025bc2 elementor-widget elementor-widget-heading\" data-id=\"0025bc2\" data-element_type=\"widget\" data-e-type=\"widget\" data-widget_type=\"heading.default\">\n\t\t\t\t<div class=\"elementor-widget-container\">\n\t\t\t\t\t<h2 class=\"elementor-heading-title elementor-size-default\">Socios<\/h2>\t\t\t\t<\/div>\n\t\t\t\t<\/div>\n\t\t\t\t\t<\/div>\n\t\t\t\t<\/div>\n\t\t<div class=\"elementor-element elementor-element-6412b4b e-flex e-con-boxed e-con e-parent\" data-id=\"6412b4b\" data-element_type=\"container\" data-e-type=\"container\">\n\t\t\t\t\t<div class=\"e-con-inner\">\n\t\t\t\t<div class=\"elementor-element elementor-element-bf6f51d elementor-widget elementor-widget-text-editor\" data-id=\"bf6f51d\" data-element_type=\"widget\" data-e-type=\"widget\" data-widget_type=\"text-editor.default\">\n\t\t\t\t<div class=\"elementor-widget-container\">\n\t\t\t\t\t\t\t\t\t<p>En 2024, LUCHA se uni\u00f3 a Association House en una alianza formal para fortalecer nuestra capacidad de cumplir con nuestra misi\u00f3n. Hoy, LUCHA, en asociaci\u00f3n con Association House, contin\u00faa avanzando en nuestra misi\u00f3n, la vivienda como un derecho humano.<\/p>\t\t\t\t\t\t\t\t<\/div>\n\t\t\t\t<\/div>\n\t\t\t\t<div class=\"elementor-element elementor-element-6c4fe5b elementor-widget elementor-widget-image\" data-id=\"6c4fe5b\" data-element_type=\"widget\" data-e-type=\"widget\" data-widget_type=\"image.default\">\n\t\t\t\t<div class=\"elementor-widget-container\">\n\t\t\t\t\t\t\t\t\t\t\t\t\t\t\t\t<a href=\"https:\/\/www.associationhouse.org\/\">\n\t\t\t\t\t\t\t<img fetchpriority=\"high\" decoding=\"async\" width=\"640\" height=\"142\" src=\"https:\/\/i0.wp.com\/lucha.org\/wp-content\/uploads\/2025\/03\/125th-Anniversary_Standard_Color.png?fit=640%2C142&amp;ssl=1\" class=\"attachment-medium_large size-medium_large wp-image-1583\" alt=\"\" srcset=\"https:\/\/i0.wp.com\/lucha.org\/wp-content\/uploads\/2025\/03\/125th-Anniversary_Standard_Color.png?w=5332&amp;ssl=1 5332w, https:\/\/i0.wp.com\/lucha.org\/wp-content\/uploads\/2025\/03\/125th-Anniversary_Standard_Color.png?resize=300%2C66&amp;ssl=1 300w, https:\/\/i0.wp.com\/lucha.org\/wp-content\/uploads\/2025\/03\/125th-Anniversary_Standard_Color.png?resize=1024%2C227&amp;ssl=1 1024w, https:\/\/i0.wp.com\/lucha.org\/wp-content\/uploads\/2025\/03\/125th-Anniversary_Standard_Color.png?resize=768%2C170&amp;ssl=1 768w, https:\/\/i0.wp.com\/lucha.org\/wp-content\/uploads\/2025\/03\/125th-Anniversary_Standard_Color.png?resize=1536%2C340&amp;ssl=1 1536w, https:\/\/i0.wp.com\/lucha.org\/wp-content\/uploads\/2025\/03\/125th-Anniversary_Standard_Color.png?resize=2048%2C453&amp;ssl=1 2048w, https:\/\/i0.wp.com\/lucha.org\/wp-content\/uploads\/2025\/03\/125th-Anniversary_Standard_Color.png?resize=18%2C4&amp;ssl=1 18w, https:\/\/i0.wp.com\/lucha.org\/wp-content\/uploads\/2025\/03\/125th-Anniversary_Standard_Color.png?w=1280&amp;ssl=1 1280w, https:\/\/i0.wp.com\/lucha.org\/wp-content\/uploads\/2025\/03\/125th-Anniversary_Standard_Color.png?w=1920&amp;ssl=1 1920w\" sizes=\"(max-width: 640px) 100vw, 640px\" \/>\t\t\t\t\t\t\t\t<\/a>\n\t\t\t\t\t\t\t\t\t\t\t\t\t\t\t<\/div>\n\t\t\t\t<\/div>\n\t\t\t\t<div class=\"elementor-element elementor-element-0982272 elementor-widget elementor-widget-text-editor\" data-id=\"0982272\" data-element_type=\"widget\" data-e-type=\"widget\" data-widget_type=\"text-editor.default\">\n\t\t\t\t<div class=\"elementor-widget-container\">\n\t\t\t\t\t\t\t\t\t<p>\u00a1Gracias a nuestros socios! Su apoyo hace posible este trabajo.\u00a0<\/p>\t\t\t\t\t\t\t\t<\/div>\n\t\t\t\t<\/div>\n\t\t\t\t\t<\/div>\n\t\t\t\t<\/div>\n\t\t<div class=\"elementor-element elementor-element-f2bd7c2 e-flex e-con-boxed e-con e-parent\" data-id=\"f2bd7c2\" data-element_type=\"container\" data-e-type=\"container\">\n\t\t\t\t\t<div class=\"e-con-inner\">\n\t\t<div class=\"elementor-element elementor-element-0bab4cf e-con-full e-flex e-con e-child\" data-id=\"0bab4cf\" data-element_type=\"container\" data-e-type=\"container\">\n\t\t\t\t<div class=\"elementor-element elementor-element-f361171 elementor-widget elementor-widget-image\" data-id=\"f361171\" data-element_type=\"widget\" data-e-type=\"widget\" data-widget_type=\"image.default\">\n\t\t\t\t<div class=\"elementor-widget-container\">\n\t\t\t\t\t\t\t\t\t\t\t\t\t\t\t<img decoding=\"async\" width=\"640\" height=\"640\" src=\"https:\/\/i0.wp.com\/lucha.org\/wp-content\/uploads\/2023\/10\/Seal_of_Chicago_Illinois.svg_.png?fit=640%2C640&amp;ssl=1\" class=\"attachment-large size-large wp-image-815\" alt=\"\" srcset=\"https:\/\/i0.wp.com\/lucha.org\/wp-content\/uploads\/2023\/10\/Seal_of_Chicago_Illinois.svg_.png?w=2000&amp;ssl=1 2000w, https:\/\/i0.wp.com\/lucha.org\/wp-content\/uploads\/2023\/10\/Seal_of_Chicago_Illinois.svg_.png?resize=300%2C300&amp;ssl=1 300w, https:\/\/i0.wp.com\/lucha.org\/wp-content\/uploads\/2023\/10\/Seal_of_Chicago_Illinois.svg_.png?resize=1024%2C1024&amp;ssl=1 1024w, https:\/\/i0.wp.com\/lucha.org\/wp-content\/uploads\/2023\/10\/Seal_of_Chicago_Illinois.svg_.png?resize=150%2C150&amp;ssl=1 150w, https:\/\/i0.wp.com\/lucha.org\/wp-content\/uploads\/2023\/10\/Seal_of_Chicago_Illinois.svg_.png?resize=768%2C768&amp;ssl=1 768w, https:\/\/i0.wp.com\/lucha.org\/wp-content\/uploads\/2023\/10\/Seal_of_Chicago_Illinois.svg_.png?resize=1536%2C1536&amp;ssl=1 1536w, https:\/\/i0.wp.com\/lucha.org\/wp-content\/uploads\/2023\/10\/Seal_of_Chicago_Illinois.svg_.png?resize=650%2C650&amp;ssl=1 650w, https:\/\/i0.wp.com\/lucha.org\/wp-content\/uploads\/2023\/10\/Seal_of_Chicago_Illinois.svg_.png?resize=1300%2C1300&amp;ssl=1 1300w, https:\/\/i0.wp.com\/lucha.org\/wp-content\/uploads\/2023\/10\/Seal_of_Chicago_Illinois.svg_.png?w=1920&amp;ssl=1 1920w\" sizes=\"(max-width: 640px) 100vw, 640px\" \/>\t\t\t\t\t\t\t\t\t\t\t\t\t\t\t<\/div>\n\t\t\t\t<\/div>\n\t\t\t\t<\/div>\n\t\t<div class=\"elementor-element elementor-element-4abe836 e-con-full e-flex e-con e-child\" data-id=\"4abe836\" data-element_type=\"container\" data-e-type=\"container\">\n\t\t\t\t<div class=\"elementor-element elementor-element-3e834cb elementor-widget elementor-widget-image\" data-id=\"3e834cb\" data-element_type=\"widget\" data-e-type=\"widget\" data-widget_type=\"image.default\">\n\t\t\t\t<div class=\"elementor-widget-container\">\n\t\t\t\t\t\t\t\t\t\t\t\t\t\t\t<img decoding=\"async\" width=\"625\" height=\"625\" src=\"https:\/\/i0.wp.com\/lucha.org\/wp-content\/uploads\/2023\/10\/HUD-Logo.png?fit=625%2C625&amp;ssl=1\" class=\"attachment-large size-large wp-image-816\" alt=\"\" srcset=\"https:\/\/i0.wp.com\/lucha.org\/wp-content\/uploads\/2023\/10\/HUD-Logo.png?w=625&amp;ssl=1 625w, https:\/\/i0.wp.com\/lucha.org\/wp-content\/uploads\/2023\/10\/HUD-Logo.png?resize=300%2C300&amp;ssl=1 300w, https:\/\/i0.wp.com\/lucha.org\/wp-content\/uploads\/2023\/10\/HUD-Logo.png?resize=150%2C150&amp;ssl=1 150w\" sizes=\"(max-width: 625px) 100vw, 625px\" \/>\t\t\t\t\t\t\t\t\t\t\t\t\t\t\t<\/div>\n\t\t\t\t<\/div>\n\t\t\t\t<\/div>\n\t\t<div class=\"elementor-element elementor-element-10e3bea e-con-full e-flex e-con e-child\" data-id=\"10e3bea\" data-element_type=\"container\" data-e-type=\"container\">\n\t\t\t\t<div class=\"elementor-element elementor-element-010ec9e elementor-widget elementor-widget-image\" data-id=\"010ec9e\" data-element_type=\"widget\" data-e-type=\"widget\" data-widget_type=\"image.default\">\n\t\t\t\t<div class=\"elementor-widget-container\">\n\t\t\t\t\t\t\t\t\t\t\t\t\t\t\t<img loading=\"lazy\" decoding=\"async\" width=\"635\" height=\"357\" src=\"https:\/\/i0.wp.com\/lucha.org\/wp-content\/uploads\/2023\/10\/CHA-Logo.jpg?fit=635%2C357&amp;ssl=1\" class=\"attachment-large size-large wp-image-920\" alt=\"\" srcset=\"https:\/\/i0.wp.com\/lucha.org\/wp-content\/uploads\/2023\/10\/CHA-Logo.jpg?w=635&amp;ssl=1 635w, https:\/\/i0.wp.com\/lucha.org\/wp-content\/uploads\/2023\/10\/CHA-Logo.jpg?resize=300%2C169&amp;ssl=1 300w\" sizes=\"(max-width: 635px) 100vw, 635px\" \/>\t\t\t\t\t\t\t\t\t\t\t\t\t\t\t<\/div>\n\t\t\t\t<\/div>\n\t\t\t\t<\/div>\n\t\t\t\t\t<\/div>\n\t\t\t\t<\/div>\n\t\t<div class=\"elementor-element elementor-element-6a971b2 e-grid e-con-boxed e-con e-parent\" data-id=\"6a971b2\" data-element_type=\"container\" data-e-type=\"container\">\n\t\t\t\t\t<div class=\"e-con-inner\">\n\t\t\t\t<div class=\"elementor-element elementor-element-2e55d7b elementor-widget elementor-widget-image\" data-id=\"2e55d7b\" data-element_type=\"widget\" data-e-type=\"widget\" data-widget_type=\"image.default\">\n\t\t\t\t<div class=\"elementor-widget-container\">\n\t\t\t\t\t\t\t\t\t\t\t\t\t\t\t<img loading=\"lazy\" decoding=\"async\" width=\"640\" height=\"256\" src=\"https:\/\/i0.wp.com\/lucha.org\/wp-content\/uploads\/2025\/03\/cct-logo.jpg?fit=640%2C256&amp;ssl=1\" class=\"attachment-large size-large wp-image-1650\" alt=\"\" srcset=\"https:\/\/i0.wp.com\/lucha.org\/wp-content\/uploads\/2025\/03\/cct-logo.jpg?w=889&amp;ssl=1 889w, https:\/\/i0.wp.com\/lucha.org\/wp-content\/uploads\/2025\/03\/cct-logo.jpg?resize=300%2C120&amp;ssl=1 300w, https:\/\/i0.wp.com\/lucha.org\/wp-content\/uploads\/2025\/03\/cct-logo.jpg?resize=768%2C308&amp;ssl=1 768w, https:\/\/i0.wp.com\/lucha.org\/wp-content\/uploads\/2025\/03\/cct-logo.jpg?resize=18%2C7&amp;ssl=1 18w\" sizes=\"(max-width: 640px) 100vw, 640px\" \/>\t\t\t\t\t\t\t\t\t\t\t\t\t\t\t<\/div>\n\t\t\t\t<\/div>\n\t\t\t\t<div class=\"elementor-element elementor-element-b63169c elementor-widget elementor-widget-image\" data-id=\"b63169c\" data-element_type=\"widget\" data-e-type=\"widget\" data-widget_type=\"image.default\">\n\t\t\t\t<div class=\"elementor-widget-container\">\n\t\t\t\t\t\t\t\t\t\t\t\t\t\t\t<img loading=\"lazy\" decoding=\"async\" width=\"225\" height=\"224\" src=\"https:\/\/i0.wp.com\/lucha.org\/wp-content\/uploads\/2025\/03\/elevated-chicago.png?fit=225%2C224&amp;ssl=1\" class=\"attachment-large size-large wp-image-1651\" alt=\"\" srcset=\"https:\/\/i0.wp.com\/lucha.org\/wp-content\/uploads\/2025\/03\/elevated-chicago.png?w=225&amp;ssl=1 225w, https:\/\/i0.wp.com\/lucha.org\/wp-content\/uploads\/2025\/03\/elevated-chicago.png?resize=150%2C150&amp;ssl=1 150w, https:\/\/i0.wp.com\/lucha.org\/wp-content\/uploads\/2025\/03\/elevated-chicago.png?resize=12%2C12&amp;ssl=1 12w\" sizes=\"(max-width: 225px) 100vw, 225px\" \/>\t\t\t\t\t\t\t\t\t\t\t\t\t\t\t<\/div>\n\t\t\t\t<\/div>\n\t\t\t\t<div class=\"elementor-element elementor-element-926bf71 elementor-widget elementor-widget-image\" data-id=\"926bf71\" data-element_type=\"widget\" data-e-type=\"widget\" data-widget_type=\"image.default\">\n\t\t\t\t<div class=\"elementor-widget-container\">\n\t\t\t\t\t\t\t\t\t\t\t\t\t\t\t<img loading=\"lazy\" decoding=\"async\" width=\"640\" height=\"121\" src=\"https:\/\/i0.wp.com\/lucha.org\/wp-content\/uploads\/2025\/03\/Evergreen_Real_Estate_Group-Logo-RGB.png?fit=640%2C121&amp;ssl=1\" class=\"attachment-large size-large wp-image-1652\" alt=\"\" srcset=\"https:\/\/i0.wp.com\/lucha.org\/wp-content\/uploads\/2025\/03\/Evergreen_Real_Estate_Group-Logo-RGB.png?w=2004&amp;ssl=1 2004w, https:\/\/i0.wp.com\/lucha.org\/wp-content\/uploads\/2025\/03\/Evergreen_Real_Estate_Group-Logo-RGB.png?resize=300%2C56&amp;ssl=1 300w, https:\/\/i0.wp.com\/lucha.org\/wp-content\/uploads\/2025\/03\/Evergreen_Real_Estate_Group-Logo-RGB.png?resize=1024%2C193&amp;ssl=1 1024w, https:\/\/i0.wp.com\/lucha.org\/wp-content\/uploads\/2025\/03\/Evergreen_Real_Estate_Group-Logo-RGB.png?resize=768%2C144&amp;ssl=1 768w, https:\/\/i0.wp.com\/lucha.org\/wp-content\/uploads\/2025\/03\/Evergreen_Real_Estate_Group-Logo-RGB.png?resize=1536%2C289&amp;ssl=1 1536w, https:\/\/i0.wp.com\/lucha.org\/wp-content\/uploads\/2025\/03\/Evergreen_Real_Estate_Group-Logo-RGB.png?resize=18%2C3&amp;ssl=1 18w, https:\/\/i0.wp.com\/lucha.org\/wp-content\/uploads\/2025\/03\/Evergreen_Real_Estate_Group-Logo-RGB.png?w=1280&amp;ssl=1 1280w, https:\/\/i0.wp.com\/lucha.org\/wp-content\/uploads\/2025\/03\/Evergreen_Real_Estate_Group-Logo-RGB.png?w=1920&amp;ssl=1 1920w\" sizes=\"(max-width: 640px) 100vw, 640px\" \/>\t\t\t\t\t\t\t\t\t\t\t\t\t\t\t<\/div>\n\t\t\t\t<\/div>\n\t\t\t\t<div class=\"elementor-element elementor-element-057820d elementor-widget elementor-widget-image\" data-id=\"057820d\" data-element_type=\"widget\" data-e-type=\"widget\" data-widget_type=\"image.default\">\n\t\t\t\t<div class=\"elementor-widget-container\">\n\t\t\t\t\t\t\t\t\t\t\t\t\t\t\t<img loading=\"lazy\" decoding=\"async\" width=\"297\" height=\"169\" src=\"https:\/\/i0.wp.com\/lucha.org\/wp-content\/uploads\/2025\/03\/here-to-stay-land-trust-logo.jpg?fit=297%2C169&amp;ssl=1\" class=\"attachment-large size-large wp-image-1653\" alt=\"\" srcset=\"https:\/\/i0.wp.com\/lucha.org\/wp-content\/uploads\/2025\/03\/here-to-stay-land-trust-logo.jpg?w=297&amp;ssl=1 297w, https:\/\/i0.wp.com\/lucha.org\/wp-content\/uploads\/2025\/03\/here-to-stay-land-trust-logo.jpg?resize=18%2C10&amp;ssl=1 18w\" sizes=\"(max-width: 297px) 100vw, 297px\" \/>\t\t\t\t\t\t\t\t\t\t\t\t\t\t\t<\/div>\n\t\t\t\t<\/div>\n\t\t\t\t<div class=\"elementor-element elementor-element-e1064ff elementor-widget elementor-widget-image\" data-id=\"e1064ff\" data-element_type=\"widget\" data-e-type=\"widget\" data-widget_type=\"image.default\">\n\t\t\t\t<div class=\"elementor-widget-container\">\n\t\t\t\t\t\t\t\t\t\t\t\t\t\t\t<img loading=\"lazy\" decoding=\"async\" width=\"414\" height=\"163\" src=\"https:\/\/i0.wp.com\/lucha.org\/wp-content\/uploads\/2025\/03\/IHDA-logo.png?fit=414%2C163&amp;ssl=1\" class=\"attachment-large size-large wp-image-1654\" alt=\"\" srcset=\"https:\/\/i0.wp.com\/lucha.org\/wp-content\/uploads\/2025\/03\/IHDA-logo.png?w=414&amp;ssl=1 414w, https:\/\/i0.wp.com\/lucha.org\/wp-content\/uploads\/2025\/03\/IHDA-logo.png?resize=300%2C118&amp;ssl=1 300w, https:\/\/i0.wp.com\/lucha.org\/wp-content\/uploads\/2025\/03\/IHDA-logo.png?resize=18%2C7&amp;ssl=1 18w\" sizes=\"(max-width: 414px) 100vw, 414px\" \/>\t\t\t\t\t\t\t\t\t\t\t\t\t\t\t<\/div>\n\t\t\t\t<\/div>\n\t\t\t\t<div class=\"elementor-element elementor-element-c9f1289 elementor-widget elementor-widget-image\" data-id=\"c9f1289\" data-element_type=\"widget\" data-e-type=\"widget\" data-widget_type=\"image.default\">\n\t\t\t\t<div class=\"elementor-widget-container\">\n\t\t\t\t\t\t\t\t\t\t\t\t\t\t\t<img loading=\"lazy\" decoding=\"async\" width=\"640\" height=\"284\" src=\"https:\/\/i0.wp.com\/lucha.org\/wp-content\/uploads\/2025\/03\/latino-policy-forum.png?fit=640%2C284&amp;ssl=1\" class=\"attachment-large size-large wp-image-1655\" alt=\"\" srcset=\"https:\/\/i0.wp.com\/lucha.org\/wp-content\/uploads\/2025\/03\/latino-policy-forum.png?w=3539&amp;ssl=1 3539w, https:\/\/i0.wp.com\/lucha.org\/wp-content\/uploads\/2025\/03\/latino-policy-forum.png?resize=300%2C133&amp;ssl=1 300w, https:\/\/i0.wp.com\/lucha.org\/wp-content\/uploads\/2025\/03\/latino-policy-forum.png?resize=1024%2C455&amp;ssl=1 1024w, https:\/\/i0.wp.com\/lucha.org\/wp-content\/uploads\/2025\/03\/latino-policy-forum.png?resize=768%2C341&amp;ssl=1 768w, https:\/\/i0.wp.com\/lucha.org\/wp-content\/uploads\/2025\/03\/latino-policy-forum.png?resize=1536%2C683&amp;ssl=1 1536w, https:\/\/i0.wp.com\/lucha.org\/wp-content\/uploads\/2025\/03\/latino-policy-forum.png?resize=2048%2C910&amp;ssl=1 2048w, https:\/\/i0.wp.com\/lucha.org\/wp-content\/uploads\/2025\/03\/latino-policy-forum.png?resize=18%2C8&amp;ssl=1 18w, https:\/\/i0.wp.com\/lucha.org\/wp-content\/uploads\/2025\/03\/latino-policy-forum.png?w=1280&amp;ssl=1 1280w, https:\/\/i0.wp.com\/lucha.org\/wp-content\/uploads\/2025\/03\/latino-policy-forum.png?w=1920&amp;ssl=1 1920w\" sizes=\"(max-width: 640px) 100vw, 640px\" \/>\t\t\t\t\t\t\t\t\t\t\t\t\t\t\t<\/div>\n\t\t\t\t<\/div>\n\t\t\t\t\t<\/div>\n\t\t\t\t<\/div>\n\t\t<div class=\"elementor-element elementor-element-ee24260 e-grid e-con-boxed e-con e-parent\" data-id=\"ee24260\" data-element_type=\"container\" data-e-type=\"container\">\n\t\t\t\t\t<div class=\"e-con-inner\">\n\t\t\t\t<div class=\"elementor-element elementor-element-6fed849 elementor-widget__width-initial elementor-widget elementor-widget-image\" data-id=\"6fed849\" data-element_type=\"widget\" data-e-type=\"widget\" data-widget_type=\"image.default\">\n\t\t\t\t<div class=\"elementor-widget-container\">\n\t\t\t\t\t\t\t\t\t\t\t\t\t\t\t<img loading=\"lazy\" decoding=\"async\" width=\"640\" height=\"317\" src=\"https:\/\/i0.wp.com\/lucha.org\/wp-content\/uploads\/2025\/03\/palenque-lsna.jpg?fit=640%2C317&amp;ssl=1\" class=\"attachment-large size-large wp-image-1656\" alt=\"\" srcset=\"https:\/\/i0.wp.com\/lucha.org\/wp-content\/uploads\/2025\/03\/palenque-lsna.jpg?w=2500&amp;ssl=1 2500w, https:\/\/i0.wp.com\/lucha.org\/wp-content\/uploads\/2025\/03\/palenque-lsna.jpg?resize=300%2C149&amp;ssl=1 300w, https:\/\/i0.wp.com\/lucha.org\/wp-content\/uploads\/2025\/03\/palenque-lsna.jpg?resize=1024%2C507&amp;ssl=1 1024w, https:\/\/i0.wp.com\/lucha.org\/wp-content\/uploads\/2025\/03\/palenque-lsna.jpg?resize=768%2C381&amp;ssl=1 768w, https:\/\/i0.wp.com\/lucha.org\/wp-content\/uploads\/2025\/03\/palenque-lsna.jpg?resize=1536%2C761&amp;ssl=1 1536w, https:\/\/i0.wp.com\/lucha.org\/wp-content\/uploads\/2025\/03\/palenque-lsna.jpg?resize=2048%2C1015&amp;ssl=1 2048w, https:\/\/i0.wp.com\/lucha.org\/wp-content\/uploads\/2025\/03\/palenque-lsna.jpg?resize=18%2C9&amp;ssl=1 18w, https:\/\/i0.wp.com\/lucha.org\/wp-content\/uploads\/2025\/03\/palenque-lsna.jpg?w=1280&amp;ssl=1 1280w, https:\/\/i0.wp.com\/lucha.org\/wp-content\/uploads\/2025\/03\/palenque-lsna.jpg?w=1920&amp;ssl=1 1920w\" sizes=\"(max-width: 640px) 100vw, 640px\" \/>\t\t\t\t\t\t\t\t\t\t\t\t\t\t\t<\/div>\n\t\t\t\t<\/div>\n\t\t\t\t<div class=\"elementor-element elementor-element-77cbc21 elementor-widget elementor-widget-image\" data-id=\"77cbc21\" data-element_type=\"widget\" data-e-type=\"widget\" data-widget_type=\"image.default\">\n\t\t\t\t<div class=\"elementor-widget-container\">\n\t\t\t\t\t\t\t\t\t\t\t\t\t\t\t<img loading=\"lazy\" decoding=\"async\" width=\"640\" height=\"281\" src=\"https:\/\/i0.wp.com\/lucha.org\/wp-content\/uploads\/2025\/03\/polk-bros.png?fit=640%2C281&amp;ssl=1\" class=\"attachment-large size-large wp-image-1657\" alt=\"\" srcset=\"https:\/\/i0.wp.com\/lucha.org\/wp-content\/uploads\/2025\/03\/polk-bros.png?w=1200&amp;ssl=1 1200w, https:\/\/i0.wp.com\/lucha.org\/wp-content\/uploads\/2025\/03\/polk-bros.png?resize=300%2C132&amp;ssl=1 300w, https:\/\/i0.wp.com\/lucha.org\/wp-content\/uploads\/2025\/03\/polk-bros.png?resize=1024%2C450&amp;ssl=1 1024w, https:\/\/i0.wp.com\/lucha.org\/wp-content\/uploads\/2025\/03\/polk-bros.png?resize=768%2C337&amp;ssl=1 768w, https:\/\/i0.wp.com\/lucha.org\/wp-content\/uploads\/2025\/03\/polk-bros.png?resize=18%2C8&amp;ssl=1 18w\" sizes=\"(max-width: 640px) 100vw, 640px\" \/>\t\t\t\t\t\t\t\t\t\t\t\t\t\t\t<\/div>\n\t\t\t\t<\/div>\n\t\t\t\t<div class=\"elementor-element elementor-element-6b8a800 elementor-widget elementor-widget-image\" data-id=\"6b8a800\" data-element_type=\"widget\" data-e-type=\"widget\" data-widget_type=\"image.default\">\n\t\t\t\t<div class=\"elementor-widget-container\">\n\t\t\t\t\t\t\t\t\t\t\t\t\t\t\t<img loading=\"lazy\" decoding=\"async\" width=\"200\" height=\"200\" src=\"https:\/\/i0.wp.com\/lucha.org\/wp-content\/uploads\/2025\/03\/renaissance_social_services_inc__logo.jpg?fit=200%2C200&amp;ssl=1\" class=\"attachment-large size-large wp-image-1658\" alt=\"\" srcset=\"https:\/\/i0.wp.com\/lucha.org\/wp-content\/uploads\/2025\/03\/renaissance_social_services_inc__logo.jpg?w=200&amp;ssl=1 200w, https:\/\/i0.wp.com\/lucha.org\/wp-content\/uploads\/2025\/03\/renaissance_social_services_inc__logo.jpg?resize=150%2C150&amp;ssl=1 150w, https:\/\/i0.wp.com\/lucha.org\/wp-content\/uploads\/2025\/03\/renaissance_social_services_inc__logo.jpg?resize=12%2C12&amp;ssl=1 12w\" sizes=\"(max-width: 200px) 100vw, 200px\" \/>\t\t\t\t\t\t\t\t\t\t\t\t\t\t\t<\/div>\n\t\t\t\t<\/div>\n\t\t\t\t\t<\/div>\n\t\t\t\t<\/div>\n\t\t\t\t<\/div>","protected":false},"excerpt":{"rendered":"<p>Socios En 2024, LUCHA se uni\u00f3 a Association House en una alianza formal para fortalecer nuestra capacidad de cumplir con nuestra misi\u00f3n. Hoy, LUCHA, en asociaci\u00f3n con Association House, contin\u00faa avanzando en nuestra misi\u00f3n, la vivienda como un derecho humano. \u00a1Gracias a nuestros socios! Su apoyo hace posible este trabajo.\u00a0<\/p>","protected":false},"author":1,"featured_media":0,"parent":0,"menu_order":0,"comment_status":"closed","ping_status":"closed","template":"","meta":{"nf_dc_page":"","footnotes":""},"class_list":["post-370","page","type-page","status-publish","hentry"],"jetpack_sharing_enabled":true,"_links":{"self":[{"href":"https:\/\/lucha.org\/es\/wp-json\/wp\/v2\/pages\/370","targetHints":{"allow":["GET"]}}],"collection":[{"href":"https:\/\/lucha.org\/es\/wp-json\/wp\/v2\/pages"}],"about":[{"href":"https:\/\/lucha.org\/es\/wp-json\/wp\/v2\/types\/page"}],"author":[{"embeddable":true,"href":"https:\/\/lucha.org\/es\/wp-json\/wp\/v2\/users\/1"}],"replies":[{"embeddable":true,"href":"https:\/\/lucha.org\/es\/wp-json\/wp\/v2\/comments?post=370"}],"version-history":[{"count":5,"href":"https:\/\/lucha.org\/es\/wp-json\/wp\/v2\/pages\/370\/revisions"}],"predecessor-version":[{"id":1661,"href":"https:\/\/lucha.org\/es\/wp-json\/wp\/v2\/pages\/370\/revisions\/1661"}],"wp:attachment":[{"href":"https:\/\/lucha.org\/es\/wp-json\/wp\/v2\/media?parent=370"}],"curies":[{"name":"wp","href":"https:\/\/api.w.org\/{rel}","templated":true}]}}