{"id":1821,"date":"2025-12-29T19:32:04","date_gmt":"2025-12-29T19:32:04","guid":{"rendered":"https:\/\/lucha.org\/?page_id=1821"},"modified":"2025-12-29T19:41:24","modified_gmt":"2025-12-29T19:41:24","slug":"la-herencia","status":"publish","type":"page","link":"https:\/\/lucha.org\/es\/la-herencia\/","title":{"rendered":"La Herencia"},"content":{"rendered":"<div data-elementor-type=\"wp-page\" data-elementor-id=\"1821\" class=\"elementor elementor-1821\" data-elementor-post-type=\"page\">\n\t\t\t\t<div class=\"elementor-element elementor-element-dd13246 e-flex e-con-boxed e-con e-parent\" data-id=\"dd13246\" data-element_type=\"container\" data-e-type=\"container\">\n\t\t\t\t\t<div class=\"e-con-inner\">\n\t\t\t\t<div class=\"elementor-element elementor-element-2a191ad elementor-widget elementor-widget-image\" data-id=\"2a191ad\" data-element_type=\"widget\" data-e-type=\"widget\" data-widget_type=\"image.default\">\n\t\t\t\t<div class=\"elementor-widget-container\">\n\t\t\t\t\t\t\t\t\t\t\t\t\t\t\t<img fetchpriority=\"high\" decoding=\"async\" width=\"640\" height=\"360\" src=\"https:\/\/i0.wp.com\/lucha.org\/wp-content\/uploads\/2025\/12\/LUCHA-HPUMC_EXTERIOR-VIEW-watermark-scaled.png?fit=640%2C360&amp;ssl=1\" class=\"attachment-medium_large size-medium_large wp-image-1776\" alt=\"\" srcset=\"https:\/\/i0.wp.com\/lucha.org\/wp-content\/uploads\/2025\/12\/LUCHA-HPUMC_EXTERIOR-VIEW-watermark-scaled.png?w=2560&amp;ssl=1 2560w, https:\/\/i0.wp.com\/lucha.org\/wp-content\/uploads\/2025\/12\/LUCHA-HPUMC_EXTERIOR-VIEW-watermark-scaled.png?resize=300%2C169&amp;ssl=1 300w, https:\/\/i0.wp.com\/lucha.org\/wp-content\/uploads\/2025\/12\/LUCHA-HPUMC_EXTERIOR-VIEW-watermark-scaled.png?resize=1024%2C576&amp;ssl=1 1024w, https:\/\/i0.wp.com\/lucha.org\/wp-content\/uploads\/2025\/12\/LUCHA-HPUMC_EXTERIOR-VIEW-watermark-scaled.png?resize=768%2C432&amp;ssl=1 768w, https:\/\/i0.wp.com\/lucha.org\/wp-content\/uploads\/2025\/12\/LUCHA-HPUMC_EXTERIOR-VIEW-watermark-scaled.png?resize=1536%2C864&amp;ssl=1 1536w, https:\/\/i0.wp.com\/lucha.org\/wp-content\/uploads\/2025\/12\/LUCHA-HPUMC_EXTERIOR-VIEW-watermark-scaled.png?resize=2048%2C1152&amp;ssl=1 2048w, https:\/\/i0.wp.com\/lucha.org\/wp-content\/uploads\/2025\/12\/LUCHA-HPUMC_EXTERIOR-VIEW-watermark-scaled.png?resize=18%2C10&amp;ssl=1 18w, https:\/\/i0.wp.com\/lucha.org\/wp-content\/uploads\/2025\/12\/LUCHA-HPUMC_EXTERIOR-VIEW-watermark-scaled.png?w=1280&amp;ssl=1 1280w, https:\/\/i0.wp.com\/lucha.org\/wp-content\/uploads\/2025\/12\/LUCHA-HPUMC_EXTERIOR-VIEW-watermark-scaled.png?w=1920&amp;ssl=1 1920w\" sizes=\"(max-width: 640px) 100vw, 640px\" \/>\t\t\t\t\t\t\t\t\t\t\t\t\t\t\t<\/div>\n\t\t\t\t<\/div>\n\t\t\t\t<div class=\"elementor-element elementor-element-3eb51ac elementor-widget elementor-widget-heading\" data-id=\"3eb51ac\" data-element_type=\"widget\" data-e-type=\"widget\" data-widget_type=\"heading.default\">\n\t\t\t\t<div class=\"elementor-widget-container\">\n\t\t\t\t\t<h2 class=\"elementor-heading-title elementor-size-default\">La Herencia Pr\u00f3ximamente<\/h2>\t\t\t\t<\/div>\n\t\t\t\t<\/div>\n\t\t\t\t<div class=\"elementor-element elementor-element-4364dda elementor-widget elementor-widget-text-editor\" data-id=\"4364dda\" data-element_type=\"widget\" data-e-type=\"widget\" data-widget_type=\"text-editor.default\">\n\t\t\t\t<div class=\"elementor-widget-container\">\n\t\t\t\t\t\t\t\t\t<p><strong data-start=\"144\" data-end=\"170\">\u00a1Pr\u00f3ximamente! Apartamentos La Herencia <\/strong>se encuentra en construcci\u00f3n en el 2120 N. Mozart Street, en Logan Square. Esta remodelaci\u00f3n \u00fanica en su g\u00e9nero da nueva vida a la hist\u00f3rica iglesia Humboldt Park United Methodist Church, conservando su fachada de 1928 y transformando el edificio en viviendas asequibles. Desarrollado en colaboraci\u00f3n con Canopy Design + Architecture, el proyecto conservar\u00e1 13 apartamentos existentes y a\u00f1adir\u00e1 nueve nuevas viviendas, lo que supone la primera vez en Chicago que una iglesia se conserva y se convierte en viviendas asequibles.<\/p><p>La Herencia incluir\u00e1 cinco departamentos de vivienda de apoyo permanente para personas que salen de la indigencia o viven con discapacidades del desarrollo, con servicios de apoyo proporcionados por Renaissance Social Services, Inc. Ubicado a solo tres cuadras de la estaci\u00f3n California de la l\u00ednea azul del CTA, el edificio ofrece f\u00e1cil acceso al transporte p\u00fablico, empleos, escuelas y servicios del vecindario. El desarrollo tambi\u00e9n apoya el Programa de Descarbonizaci\u00f3n de la Ciudad de Chicago mediante el uso de sistemas totalmente el\u00e9ctricos y pr\u00e1cticas de renovaci\u00f3n sostenibles.<\/p><p><strong>Se espera que La Herencia est\u00e9 terminada en oto\u00f1o de 2026.<\/strong> La lista de espera se abrir\u00e1 hacia el final de la construcci\u00f3n. Mientras tanto, si est\u00e1 interesado en nuestras otras viviendas asequibles, visite nuestra p\u00e1gina \u201c<a href=\"https:\/\/lucha.org\/es\/propiedades\/\">C\u00f3mo solicitarlo<\/a>\u201d para obtener m\u00e1s informaci\u00f3n.<\/p>\t\t\t\t\t\t\t\t<\/div>\n\t\t\t\t<\/div>\n\t\t\t\t<div class=\"elementor-element elementor-element-0db3587 elementor-align-center elementor-widget elementor-widget-button\" data-id=\"0db3587\" data-element_type=\"widget\" data-e-type=\"widget\" data-widget_type=\"button.default\">\n\t\t\t\t<div class=\"elementor-widget-container\">\n\t\t\t\t\t\t\t\t\t<div class=\"elementor-button-wrapper\">\n\t\t\t\t\t<a class=\"elementor-button elementor-button-link elementor-size-sm\" href=\"https:\/\/chicago.suntimes.com\/real-estate\/2025\/12\/06\/logan-square-church-lucha-first-affordable-redevelopment\" target=\"_blank\">\n\t\t\t\t\t\t<span class=\"elementor-button-content-wrapper\">\n\t\t\t\t\t\t\t\t\t<span class=\"elementor-button-text\">M\u00e1s informaci\u00f3n sobre La Herencia<\/span>\n\t\t\t\t\t<\/span>\n\t\t\t\t\t<\/a>\n\t\t\t\t<\/div>\n\t\t\t\t\t\t\t\t<\/div>\n\t\t\t\t<\/div>\n\t\t\t\t\t<\/div>\n\t\t\t\t<\/div>\n\t\t\t\t<\/div>","protected":false},"excerpt":{"rendered":"<p>La Herencia Coming Soon Coming soon! La Herencia Apartments is under construction at 2120 N. Mozart Street in Logan Square. This one-of-a-kind redevelopment brings new life to the historic Humboldt Park United Methodist Church, preserving its 1928 fa\u00e7ade while transforming the building into affordable housing. Developed in partnership with Canopy Design + Architecture, the project [&hellip;]<\/p>\n","protected":false},"author":1,"featured_media":0,"parent":0,"menu_order":0,"comment_status":"closed","ping_status":"closed","template":"","meta":{"nf_dc_page":"","footnotes":""},"class_list":["post-1821","page","type-page","status-publish","hentry"],"jetpack_sharing_enabled":true,"_links":{"self":[{"href":"https:\/\/lucha.org\/es\/wp-json\/wp\/v2\/pages\/1821","targetHints":{"allow":["GET"]}}],"collection":[{"href":"https:\/\/lucha.org\/es\/wp-json\/wp\/v2\/pages"}],"about":[{"href":"https:\/\/lucha.org\/es\/wp-json\/wp\/v2\/types\/page"}],"author":[{"embeddable":true,"href":"https:\/\/lucha.org\/es\/wp-json\/wp\/v2\/users\/1"}],"replies":[{"embeddable":true,"href":"https:\/\/lucha.org\/es\/wp-json\/wp\/v2\/comments?post=1821"}],"version-history":[{"count":5,"href":"https:\/\/lucha.org\/es\/wp-json\/wp\/v2\/pages\/1821\/revisions"}],"predecessor-version":[{"id":1830,"href":"https:\/\/lucha.org\/es\/wp-json\/wp\/v2\/pages\/1821\/revisions\/1830"}],"wp:attachment":[{"href":"https:\/\/lucha.org\/es\/wp-json\/wp\/v2\/media?parent=1821"}],"curies":[{"name":"wp","href":"https:\/\/api.w.org\/{rel}","templated":true}]}}