{"id":1305,"date":"2024-08-01T02:05:20","date_gmt":"2024-08-01T02:05:20","guid":{"rendered":"https:\/\/lucha.org\/?page_id=1305"},"modified":"2025-12-29T19:47:33","modified_gmt":"2025-12-29T19:47:33","slug":"encuentro-plaza-3","status":"publish","type":"page","link":"https:\/\/lucha.org\/es\/encuentro-square-2\/","title":{"rendered":"Plaza del Encuentro"},"content":{"rendered":"<div data-elementor-type=\"wp-page\" data-elementor-id=\"1305\" class=\"elementor elementor-1305\" data-elementor-post-type=\"page\">\n\t\t\t\t<div class=\"elementor-element elementor-element-06f0b0e e-flex e-con-boxed e-con e-parent\" data-id=\"06f0b0e\" data-element_type=\"container\" data-e-type=\"container\">\n\t\t\t\t\t<div class=\"e-con-inner\">\n\t\t<div class=\"elementor-element elementor-element-288824a e-con-full e-flex e-con e-child\" data-id=\"288824a\" data-element_type=\"container\" data-e-type=\"container\">\n\t\t\t\t<div class=\"elementor-element elementor-element-b5cb1fe elementor-widget elementor-widget-image\" data-id=\"b5cb1fe\" data-element_type=\"widget\" data-e-type=\"widget\" data-widget_type=\"image.default\">\n\t\t\t\t<div class=\"elementor-widget-container\">\n\t\t\t\t\t\t\t\t\t\t\t\t\t\t\t<img fetchpriority=\"high\" decoding=\"async\" width=\"640\" height=\"442\" src=\"https:\/\/i0.wp.com\/lucha.org\/wp-content\/uploads\/2024\/08\/Screenshot-2024-07-31-210617.webp?fit=640%2C442&amp;ssl=1\" class=\"attachment-large size-large wp-image-1308\" alt=\"\" srcset=\"https:\/\/i0.wp.com\/lucha.org\/wp-content\/uploads\/2024\/08\/Screenshot-2024-07-31-210617.webp?w=1555&amp;ssl=1 1555w, https:\/\/i0.wp.com\/lucha.org\/wp-content\/uploads\/2024\/08\/Screenshot-2024-07-31-210617.webp?resize=300%2C207&amp;ssl=1 300w, https:\/\/i0.wp.com\/lucha.org\/wp-content\/uploads\/2024\/08\/Screenshot-2024-07-31-210617.webp?resize=1024%2C707&amp;ssl=1 1024w, https:\/\/i0.wp.com\/lucha.org\/wp-content\/uploads\/2024\/08\/Screenshot-2024-07-31-210617.webp?resize=768%2C530&amp;ssl=1 768w, https:\/\/i0.wp.com\/lucha.org\/wp-content\/uploads\/2024\/08\/Screenshot-2024-07-31-210617.webp?resize=1536%2C1060&amp;ssl=1 1536w, https:\/\/i0.wp.com\/lucha.org\/wp-content\/uploads\/2024\/08\/Screenshot-2024-07-31-210617.webp?resize=18%2C12&amp;ssl=1 18w, https:\/\/i0.wp.com\/lucha.org\/wp-content\/uploads\/2024\/08\/Screenshot-2024-07-31-210617.webp?w=1280&amp;ssl=1 1280w\" sizes=\"(max-width: 640px) 100vw, 640px\" \/>\t\t\t\t\t\t\t\t\t\t\t\t\t\t\t<\/div>\n\t\t\t\t<\/div>\n\t\t\t\t<\/div>\n\t\t<div class=\"elementor-element elementor-element-ff8977a e-con-full e-flex e-con e-child\" data-id=\"ff8977a\" data-element_type=\"container\" data-e-type=\"container\">\n\t\t\t\t<div class=\"elementor-element elementor-element-6418fe5 elementor-widget elementor-widget-image\" data-id=\"6418fe5\" data-element_type=\"widget\" data-e-type=\"widget\" data-widget_type=\"image.default\">\n\t\t\t\t<div class=\"elementor-widget-container\">\n\t\t\t\t\t\t\t\t\t\t\t\t\t\t\t<img decoding=\"async\" width=\"640\" height=\"433\" src=\"https:\/\/i0.wp.com\/lucha.org\/wp-content\/uploads\/2024\/08\/Screenshot-2024-07-31-210930.webp?fit=640%2C433&amp;ssl=1\" class=\"attachment-large size-large wp-image-1309\" alt=\"\" srcset=\"https:\/\/i0.wp.com\/lucha.org\/wp-content\/uploads\/2024\/08\/Screenshot-2024-07-31-210930.webp?w=727&amp;ssl=1 727w, https:\/\/i0.wp.com\/lucha.org\/wp-content\/uploads\/2024\/08\/Screenshot-2024-07-31-210930.webp?resize=300%2C203&amp;ssl=1 300w, https:\/\/i0.wp.com\/lucha.org\/wp-content\/uploads\/2024\/08\/Screenshot-2024-07-31-210930.webp?resize=18%2C12&amp;ssl=1 18w\" sizes=\"(max-width: 640px) 100vw, 640px\" \/>\t\t\t\t\t\t\t\t\t\t\t\t\t\t\t<\/div>\n\t\t\t\t<\/div>\n\t\t\t\t<\/div>\n\t\t\t\t\t<\/div>\n\t\t\t\t<\/div>\n\t\t<div class=\"elementor-element elementor-element-e8c1bcd e-flex e-con-boxed e-con e-parent\" data-id=\"e8c1bcd\" data-element_type=\"container\" data-e-type=\"container\">\n\t\t\t\t\t<div class=\"e-con-inner\">\n\t\t\t\t<div class=\"elementor-element elementor-element-91a01ea elementor-widget elementor-widget-heading\" data-id=\"91a01ea\" data-element_type=\"widget\" data-e-type=\"widget\" data-widget_type=\"heading.default\">\n\t\t\t\t<div class=\"elementor-widget-container\">\n\t\t\t\t\t<h2 class=\"elementor-heading-title elementor-size-default\">Plaza del Encuentro<\/h2>\t\t\t\t<\/div>\n\t\t\t\t<\/div>\n\t\t\t\t\t<\/div>\n\t\t\t\t<\/div>\n\t\t<div class=\"elementor-element elementor-element-a3440fa e-flex e-con-boxed e-con e-parent\" data-id=\"a3440fa\" data-element_type=\"container\" data-e-type=\"container\">\n\t\t\t\t\t<div class=\"e-con-inner\">\n\t\t\t\t<div class=\"elementor-element elementor-element-0eb31dd elementor-widget elementor-widget-text-editor\" data-id=\"0eb31dd\" data-element_type=\"widget\" data-e-type=\"widget\" data-widget_type=\"text-editor.default\">\n\t\t\t\t<div class=\"elementor-widget-container\">\n\t\t\t\t\t\t\t\t\t<p>Los apartamentos Encuentro Square est\u00e1n ubicados en el 3759 de Cortland Street y en el 1844 N Ridgeway, en el barrio de Logan Square de Chicago. Se encuentran junto al extremo occidental del sendero 606 y del parque lineal. <span style=\"color: var( --e-global-color-text ); font-family: var( --e-global-typography-text-font-family ), Sans-serif; font-weight: var( --e-global-typography-text-font-weight ); text-align: var(--text-align); font-size: 1rem;\">Encuentro Square se ha desarrollado en colaboraci\u00f3n con Evergreen Real Estate Group, que presta servicios de gesti\u00f3n en el edificio.<\/span><\/p><p><!--StartFragment--><!--EndFragment--><\/p><p>\u00a0Apartamentos Encuentro Square tiene dos programas de alquiler diferentes:\u00a0<\/p><p><b>Programa de vales para proyectos<\/b>que est\u00e1 bajo la direcci\u00f3n de The Chicago Housing Authority. Este programa de alquiler se basa en 30% de ingresos mensuales del hogar. La lista de espera de Chicago Housing Authority para Encuentro Square Apartments ya est\u00e1 abierta.<b> Los candidatos interesados pueden presentar su candidatura en la siguiente direcci\u00f3n<\/b>\u00a0<a href=\"https:\/\/applyonline.thecha.org\/\">www.applyonline.thecha.org<\/a>. La propiedad se encuentra en la lista de propiedades de Project Based Voucher (PBV).<\/p><p><b>Programa de Vivienda Asequible<\/b>. Los alquileres del programa ascienden a una cantidad mensual fija basada en el 60% de los ingresos medios de la zona. Los alquileres no est\u00e1n subvencionados. Este programa ya acepta solicitudes. <strong>Visite <a href=\"https:\/\/encuentrosquare.com\/index.html\">encuentrosquare.com<\/a> para ver si cumple los requisitos y presente su solicitud hoy mismo.\u00a0<\/strong><\/p><p><b style=\"color: var( --e-global-color-text ); font-family: var( --e-global-typography-text-font-family ), Sans-serif; text-align: var(--text-align); font-size: 1rem;\">Animamos a los interesados a solicitar <span style=\"text-decoration: underline;\">ambos programas<\/span>.<\/b><\/p><p><span style=\"color: var( --e-global-color-text ); font-family: var( --e-global-typography-text-font-family ), Sans-serif; font-weight: var( --e-global-typography-text-font-weight ); text-align: var(--text-align); font-size: 1rem;\">Cada programa tiene su propia lista de espera y no ser\u00e1n intercambiables. Hay l\u00edmites m\u00e1ximos de ingresos asociados con ambos programas.  \u00a1Esperamos con inter\u00e9s trabajar con usted en hacer Encuentro Square su nuevo hogar!<\/span><\/p><p><span style=\"color: var( --e-global-color-text ); font-family: var( --e-global-typography-text-font-family ), Sans-serif; font-weight: var( --e-global-typography-text-font-weight ); text-align: var(--text-align); font-size: 1rem;\">Si tiene preguntas sobre la solicitud o desea m\u00e1s informaci\u00f3n, p\u00f3ngase en contacto con el equipo de arrendamiento de Evergreen en <a href=\"mailto:encuentrosquare@evergreenreg.com\">encuentrosquare@evergreenreg.com<\/a> o 773-395-1150.<\/span><\/p>\t\t\t\t\t\t\t\t<\/div>\n\t\t\t\t<\/div>\n\t\t\t\t\t<\/div>\n\t\t\t\t<\/div>\n\t\t\t\t<\/div>","protected":false},"excerpt":{"rendered":"<p>Encuentro Square Encuentro Square Apartments is located at 3759 Cortland Street and 1844 N Ridgeway in Chicago\u2019s Logan Square neighborhood. It is adjacent to the western end of the 606 Trail and linear park. Encuentro Square is developed in partnership with Evergreen Real Estate Group, who is providing management services at the building. \u00a0Encuentro Square [&hellip;]<\/p>\n","protected":false},"author":1,"featured_media":0,"parent":0,"menu_order":0,"comment_status":"closed","ping_status":"closed","template":"","meta":{"nf_dc_page":"","footnotes":""},"class_list":["post-1305","page","type-page","status-publish","hentry"],"jetpack_sharing_enabled":true,"_links":{"self":[{"href":"https:\/\/lucha.org\/es\/wp-json\/wp\/v2\/pages\/1305","targetHints":{"allow":["GET"]}}],"collection":[{"href":"https:\/\/lucha.org\/es\/wp-json\/wp\/v2\/pages"}],"about":[{"href":"https:\/\/lucha.org\/es\/wp-json\/wp\/v2\/types\/page"}],"author":[{"embeddable":true,"href":"https:\/\/lucha.org\/es\/wp-json\/wp\/v2\/users\/1"}],"replies":[{"embeddable":true,"href":"https:\/\/lucha.org\/es\/wp-json\/wp\/v2\/comments?post=1305"}],"version-history":[{"count":5,"href":"https:\/\/lucha.org\/es\/wp-json\/wp\/v2\/pages\/1305\/revisions"}],"predecessor-version":[{"id":1835,"href":"https:\/\/lucha.org\/es\/wp-json\/wp\/v2\/pages\/1305\/revisions\/1835"}],"wp:attachment":[{"href":"https:\/\/lucha.org\/es\/wp-json\/wp\/v2\/media?parent=1305"}],"curies":[{"name":"wp","href":"https:\/\/api.w.org\/{rel}","templated":true}]}}